{"id":991,"date":"2022-07-17T13:59:28","date_gmt":"2022-07-17T12:59:28","guid":{"rendered":"http:\/\/www.vehix.cz\/?page_id=991"},"modified":"2026-03-09T15:22:53","modified_gmt":"2026-03-09T14:22:53","slug":"olejovy-servis","status":"publish","type":"page","link":"https:\/\/vehix.cz\/ru\/olejovy-servis\/","title":{"rendered":"Olejov\u00fd servis"},"content":{"rendered":"<div id=\"pl-991\"  class=\"panel-layout\" ><div id=\"pg-991-0\"  class=\"panel-grid panel-no-style\" ><div id=\"pgc-991-0-0\"  class=\"panel-grid-cell\" ><div id=\"panel-991-0-0-0\" class=\"so-panel widget widget_sow-editor panel-first-child panel-last-child\" data-index=\"0\" ><div\n\t\t\t\n\t\t\tclass=\"so-widget-sow-editor so-widget-sow-editor-base\"\n\t\t\t\n\t\t>\n<div class=\"siteorigin-widget-tinymce textwidget\">\n\t<p><img loading=\"lazy\" decoding=\"async\" class=\"alignnone wp-image-773 size-full\" src=\"http:\/\/www.vehix.cz\/wp-content\/uploads\/2020\/04\/olejovy_servis.png\" alt=\"\" width=\"613\" height=\"113\" srcset=\"https:\/\/vehix.cz\/wp-content\/uploads\/2020\/04\/olejovy_servis.png 613w, https:\/\/vehix.cz\/wp-content\/uploads\/2020\/04\/olejovy_servis-300x55.png 300w, https:\/\/vehix.cz\/wp-content\/uploads\/2020\/04\/olejovy_servis-24x4.png 24w, https:\/\/vehix.cz\/wp-content\/uploads\/2020\/04\/olejovy_servis-36x7.png 36w, https:\/\/vehix.cz\/wp-content\/uploads\/2020\/04\/olejovy_servis-48x9.png 48w\" sizes=\"auto, (max-width: 613px) 100vw, 613px\" \/><\/p>\n<p><span style=\"font-family: Exo;\">Pot\u0159ebujete vym\u011bnit motorov\u00fd olej? Nen\u00ed probl\u00e9m!<\/span><\/p>\n<p><span style=\"font-family: Exo;\">V\u00fdm\u011bnu oleje prov\u00e1d\u00edme rychle a za dostupnou cenu.\u00a0Pou\u017e\u00edv\u00e1me p\u0159itom v\u00fdhradn\u011b kvalitn\u00ed zna\u010dkov\u00e9 oleje, jeliko\u017e u tohoto spot\u0159ebn\u00edho materi\u00e1lu nen\u00ed vhodn\u00e9 \u0161et\u0159it. <\/span><\/p>\n<p><span style=\"font-family: Exo;\">Olejov\u00fd servis prov\u00e1d\u00edme v\u017edy s v\u00fdm\u011bnou olejov\u00e9ho filtru, u kter\u00e9ho op\u011bt d\u00e1me na kvalitu, jeliko\u017e nekvalitn\u00ed v\u00fdrobci nezajist\u00ed, aby se filtr po 15 tis\u00edc\u00edch km nerozpadl a kousky neskon\u010dily nap\u0159. v rozvodech motoru.<\/span><\/p>\n<p><span style=\"font-family: Exo;\">Pro v\u00edce informac\u00ed n\u00e1s nev\u00e1hejte kontaktovat.<\/span><\/p>\n<p>&nbsp;<\/p>\n<\/div>\n<\/div><\/div><\/div><\/div><div id=\"pg-991-1\"  class=\"panel-grid panel-no-style\" ><div id=\"pgc-991-1-0\"  class=\"panel-grid-cell\" ><div id=\"panel-991-1-0-0\" class=\"so-panel widget widget_sow-editor panel-first-child panel-last-child\" data-index=\"1\" ><div class=\"panel-widget-style panel-widget-style-for-991-1-0-0\" ><div\n\t\t\t\n\t\t\tclass=\"so-widget-sow-editor so-widget-sow-editor-base\"\n\t\t\t\n\t\t>\n<div class=\"siteorigin-widget-tinymce textwidget\">\n\t<p style=\"text-align: center;\"><span style=\"font-family: Exo;\"><span style=\"font-size: 18pt;\"><strong>Provozovna:<br \/>\n<\/strong><span style=\"font-size: 14pt;\">U<\/span><\/span><span style=\"font-size: 14pt;\"> Michelsk\u00e9ho Lesa 1267<\/span><\/span><br \/>\n<span style=\"font-size: 14pt; font-family: Exo;\">140 00 Praha 4 - Kr\u010d<\/span><br \/>\n<span style=\"font-family: Exo;\"><span style=\"font-size: 14pt;\">Telefon - servis: +420 739 299 662<br \/>\n<\/span><span style=\"font-size: 14pt;\">E-mail - servis@vehix.cz<\/span><\/span><\/p>\n<p style=\"text-align: center;\"><span style=\"font-size: 14pt; font-family: Exo;\"><strong>Otev\u00edrac\u00ed doba :<br \/>\n<\/strong>Po - P\u00e1 \u00a0\u00a0 9:00 - 17:00<\/span><\/p>\n<p style=\"text-align: center;\"><span style=\"font-size: 14pt; font-family: Exo;\"><em>po domluv\u011b<\/em><\/span><br \/>\n<span style=\"font-size: 14pt; font-family: Exo;\"> <em>Po - P\u00e1 \u00a0\u00a0 8:00 - 18:00<\/em><\/span><\/p>\n<p style=\"text-align: center;\"><span style=\"font-family: Exo;\"><strong><span style=\"font-size: 18pt;\"><br \/>\nS\u00eddlo firmy:<\/span><br \/>\n<\/strong><span style=\"font-size: 14pt;\">V Str\u00e1ni 415\/3<\/span><\/span><br \/>\n<span style=\"font-size: 14pt; font-family: Exo;\">150 00 Praha 5<\/span><\/p>\n<p style=\"text-align: center;\"><span style=\"font-size: 14pt; font-family: Exo;\">I\u010c: 01430734<\/span><br \/>\n<span style=\"font-size: 14pt; font-family: Exo;\">DI\u010c: 01430734<\/span><\/p>\n<\/div>\n<\/div><\/div><\/div><\/div><\/div><\/div>","protected":false},"excerpt":{"rendered":"<p>Pot\u0159ebujete vym\u011bnit motorov\u00fd olej? Nen\u00ed probl\u00e9m! V\u00fdm\u011bnu oleje prov\u00e1d\u00edme rychle a za dostupnou cenu.\u00a0Pou\u017e\u00edv\u00e1me p\u0159itom v\u00fdhradn\u011b kvalitn\u00ed zna\u010dkov\u00e9 oleje, jeliko\u017e u tohoto spot\u0159ebn\u00edho materi\u00e1lu nen\u00ed vhodn\u00e9 \u0161et\u0159it. Olejov\u00fd servis prov\u00e1d\u00edme v\u017edy s v\u00fdm\u011bnou olejov\u00e9ho filtru, u kter\u00e9ho op\u011bt d\u00e1me na kvalitu, jeliko\u017e nekvalitn\u00ed v\u00fdrobci nezajist\u00ed, aby se filtr po 15 tis\u00edc\u00edch km nerozpadl a kousky [&hellip;]<\/p>\n","protected":false},"author":1,"featured_media":0,"parent":0,"menu_order":0,"comment_status":"closed","ping_status":"closed","template":"","meta":{"footnotes":""},"class_list":["post-991","page","type-page","status-publish","czr-hentry"],"yoast_head":"<!-- This site is optimized with the Yoast SEO plugin v27.1.1 - https:\/\/yoast.com\/product\/yoast-seo-wordpress\/ -->\n<title>Olejov\u00fd servis - Vehix<\/title>\n<meta name=\"robots\" content=\"index, follow, max-snippet:-1, max-image-preview:large, max-video-preview:-1\" \/>\n<link rel=\"canonical\" href=\"https:\/\/vehix.cz\/ru\/olejovy-servis\/\" \/>\n<meta property=\"og:locale\" content=\"ru_RU\" \/>\n<meta property=\"og:type\" content=\"article\" \/>\n<meta property=\"og:title\" content=\"Olejov\u00fd servis - Vehix\" \/>\n<meta property=\"og:description\" content=\"Pot\u0159ebujete vym\u011bnit motorov\u00fd olej? Nen\u00ed probl\u00e9m! V\u00fdm\u011bnu oleje prov\u00e1d\u00edme rychle a za dostupnou cenu.\u00a0Pou\u017e\u00edv\u00e1me p\u0159itom v\u00fdhradn\u011b kvalitn\u00ed zna\u010dkov\u00e9 oleje, jeliko\u017e u tohoto spot\u0159ebn\u00edho materi\u00e1lu nen\u00ed vhodn\u00e9 \u0161et\u0159it. Olejov\u00fd servis prov\u00e1d\u00edme v\u017edy s v\u00fdm\u011bnou olejov\u00e9ho filtru, u kter\u00e9ho op\u011bt d\u00e1me na kvalitu, jeliko\u017e nekvalitn\u00ed v\u00fdrobci nezajist\u00ed, aby se filtr po 15 tis\u00edc\u00edch km nerozpadl a kousky [&hellip;]\" \/>\n<meta property=\"og:url\" content=\"https:\/\/vehix.cz\/ru\/olejovy-servis\/\" \/>\n<meta property=\"og:site_name\" content=\"Vehix\" \/>\n<meta property=\"article:publisher\" content=\"https:\/\/www.facebook.com\/vehixauto\/\" \/>\n<meta property=\"article:modified_time\" content=\"2026-03-09T14:22:53+00:00\" \/>\n<meta property=\"og:image\" content=\"https:\/\/vehix.cz\/wp-content\/uploads\/2020\/04\/olejovy_servis.png\" \/>\n\t<meta property=\"og:image:width\" content=\"613\" \/>\n\t<meta property=\"og:image:height\" content=\"113\" \/>\n\t<meta property=\"og:image:type\" content=\"image\/png\" \/>\n<meta name=\"twitter:card\" content=\"summary_large_image\" \/>\n<meta name=\"twitter:label1\" content=\"Est. reading time\" \/>\n\t<meta name=\"twitter:data1\" content=\"1 minute\" \/>\n<script type=\"application\/ld+json\" class=\"yoast-schema-graph\">{\"@context\":\"https:\/\/schema.org\",\"@graph\":[{\"@type\":\"WebPage\",\"@id\":\"https:\/\/vehix.cz\/ru\/olejovy-servis\/\",\"url\":\"https:\/\/vehix.cz\/ru\/olejovy-servis\/\",\"name\":\"Olejov\u00fd servis - Vehix\",\"isPartOf\":{\"@id\":\"https:\/\/vehix.cz\/ru\/#website\"},\"primaryImageOfPage\":{\"@id\":\"https:\/\/vehix.cz\/ru\/olejovy-servis\/#primaryimage\"},\"image\":{\"@id\":\"https:\/\/vehix.cz\/olejovy-servis\/#primaryimage\"},\"thumbnailUrl\":\"http:\/\/www.vehix.cz\/wp-content\/uploads\/2020\/04\/olejovy_servis.png\",\"datePublished\":\"2022-07-17T12:59:28+00:00\",\"dateModified\":\"2026-03-09T14:22:53+00:00\",\"breadcrumb\":{\"@id\":\"https:\/\/vehix.cz\/ru\/olejovy-servis\/#breadcrumb\"},\"inLanguage\":\"ru\",\"potentialAction\":[{\"@type\":\"ReadAction\",\"target\":[[\"https:\/\/vehix.cz\/ru\/olejovy-servis\/\"]]}]},{\"@type\":\"ImageObject\",\"inLanguage\":\"ru\",\"@id\":\"https:\/\/vehix.cz\/ru\/olejovy-servis\/#primaryimage\",\"url\":\"http:\/\/www.vehix.cz\/wp-content\/uploads\/2020\/04\/olejovy_servis.png\",\"contentUrl\":\"http:\/\/www.vehix.cz\/wp-content\/uploads\/2020\/04\/olejovy_servis.png\"},{\"@type\":\"BreadcrumbList\",\"@id\":\"https:\/\/vehix.cz\/ru\/olejovy-servis\/#breadcrumb\",\"itemListElement\":[{\"@type\":\"ListItem\",\"position\":1,\"name\":\"Dom\u016f\",\"item\":\"https:\/\/vehix.cz\/ru\/\"},{\"@type\":\"ListItem\",\"position\":2,\"name\":\"Olejov\u00fd servis\"}]},{\"@type\":\"WebSite\",\"@id\":\"https:\/\/vehix.cz\/ru\/#website\",\"url\":\"https:\/\/vehix.cz\/ru\/\",\"name\":\"Vehix\",\"description\":\"+420 739 299 662,  U Michelsk\u00e9ho lesa 1267, Praha 4\",\"potentialAction\":[{\"@type\":\"SearchAction\",\"target\":{\"@type\":\"EntryPoint\",\"urlTemplate\":\"https:\/\/vehix.cz\/ru\/?s={search_term_string}\"},\"query-input\":{\"@type\":\"PropertyValueSpecification\",\"valueRequired\":true,\"valueName\":\"search_term_string\"}}],\"inLanguage\":\"ru\"}]}<\/script>\n<!-- \/ Yoast SEO plugin. -->","yoast_head_json":{"title":"Olejov\u00fd servis - Vehix","robots":{"index":"index","follow":"follow","max-snippet":"max-snippet:-1","max-image-preview":"max-image-preview:large","max-video-preview":"max-video-preview:-1"},"canonical":"https:\/\/vehix.cz\/ru\/olejovy-servis\/","og_locale":"ru_RU","og_type":"article","og_title":"Olejov\u00fd servis - Vehix","og_description":"Pot\u0159ebujete vym\u011bnit motorov\u00fd olej? Nen\u00ed probl\u00e9m! V\u00fdm\u011bnu oleje prov\u00e1d\u00edme rychle a za dostupnou cenu.\u00a0Pou\u017e\u00edv\u00e1me p\u0159itom v\u00fdhradn\u011b kvalitn\u00ed zna\u010dkov\u00e9 oleje, jeliko\u017e u tohoto spot\u0159ebn\u00edho materi\u00e1lu nen\u00ed vhodn\u00e9 \u0161et\u0159it. Olejov\u00fd servis prov\u00e1d\u00edme v\u017edy s v\u00fdm\u011bnou olejov\u00e9ho filtru, u kter\u00e9ho op\u011bt d\u00e1me na kvalitu, jeliko\u017e nekvalitn\u00ed v\u00fdrobci nezajist\u00ed, aby se filtr po 15 tis\u00edc\u00edch km nerozpadl a kousky [&hellip;]","og_url":"https:\/\/vehix.cz\/ru\/olejovy-servis\/","og_site_name":"Vehix","article_publisher":"https:\/\/www.facebook.com\/vehixauto\/","article_modified_time":"2026-03-09T14:22:53+00:00","og_image":[{"width":613,"height":113,"url":"https:\/\/vehix.cz\/wp-content\/uploads\/2020\/04\/olejovy_servis.png","type":"image\/png"}],"twitter_card":"summary_large_image","twitter_misc":{"Est. reading time":"1 minute"},"schema":{"@context":"https:\/\/schema.org","@graph":[{"@type":"WebPage","@id":"https:\/\/vehix.cz\/ru\/olejovy-servis\/","url":"https:\/\/vehix.cz\/ru\/olejovy-servis\/","name":"Olejov\u00fd servis - Vehix","isPartOf":{"@id":"https:\/\/vehix.cz\/ru\/#website"},"primaryImageOfPage":{"@id":"https:\/\/vehix.cz\/ru\/olejovy-servis\/#primaryimage"},"image":{"@id":"https:\/\/vehix.cz\/olejovy-servis\/#primaryimage"},"thumbnailUrl":"http:\/\/www.vehix.cz\/wp-content\/uploads\/2020\/04\/olejovy_servis.png","datePublished":"2022-07-17T12:59:28+00:00","dateModified":"2026-03-09T14:22:53+00:00","breadcrumb":{"@id":"https:\/\/vehix.cz\/ru\/olejovy-servis\/#breadcrumb"},"inLanguage":"ru","potentialAction":[{"@type":"ReadAction","target":[["https:\/\/vehix.cz\/ru\/olejovy-servis\/"]]}]},{"@type":"ImageObject","inLanguage":"ru","@id":"https:\/\/vehix.cz\/ru\/olejovy-servis\/#primaryimage","url":"http:\/\/www.vehix.cz\/wp-content\/uploads\/2020\/04\/olejovy_servis.png","contentUrl":"http:\/\/www.vehix.cz\/wp-content\/uploads\/2020\/04\/olejovy_servis.png"},{"@type":"BreadcrumbList","@id":"https:\/\/vehix.cz\/ru\/olejovy-servis\/#breadcrumb","itemListElement":[{"@type":"ListItem","position":1,"name":"Dom\u016f","item":"https:\/\/vehix.cz\/ru\/"},{"@type":"ListItem","position":2,"name":"Olejov\u00fd servis"}]},{"@type":"WebSite","@id":"https:\/\/vehix.cz\/ru\/#website","url":"https:\/\/vehix.cz\/ru\/","name":"Vehix","description":"+420 739 299 662,  U Michelsk\u00e9ho lesa 1267, Praha 4","potentialAction":[{"@type":"SearchAction","target":{"@type":"EntryPoint","urlTemplate":"https:\/\/vehix.cz\/ru\/?s={search_term_string}"},"query-input":{"@type":"PropertyValueSpecification","valueRequired":true,"valueName":"search_term_string"}}],"inLanguage":"ru"}]}},"_links":{"self":[{"href":"https:\/\/vehix.cz\/ru\/wp-json\/wp\/v2\/pages\/991","targetHints":{"allow":["GET"]}}],"collection":[{"href":"https:\/\/vehix.cz\/ru\/wp-json\/wp\/v2\/pages"}],"about":[{"href":"https:\/\/vehix.cz\/ru\/wp-json\/wp\/v2\/types\/page"}],"author":[{"embeddable":true,"href":"https:\/\/vehix.cz\/ru\/wp-json\/wp\/v2\/users\/1"}],"replies":[{"embeddable":true,"href":"https:\/\/vehix.cz\/ru\/wp-json\/wp\/v2\/comments?post=991"}],"version-history":[{"count":21,"href":"https:\/\/vehix.cz\/ru\/wp-json\/wp\/v2\/pages\/991\/revisions"}],"predecessor-version":[{"id":1091,"href":"https:\/\/vehix.cz\/ru\/wp-json\/wp\/v2\/pages\/991\/revisions\/1091"}],"wp:attachment":[{"href":"https:\/\/vehix.cz\/ru\/wp-json\/wp\/v2\/media?parent=991"}],"curies":[{"name":"wp","href":"https:\/\/api.w.org\/{rel}","templated":true}]}}