{"id":1098,"date":"2026-03-23T10:28:36","date_gmt":"2026-03-23T09:28:36","guid":{"rendered":"https:\/\/www.vehix.cz\/?page_id=1098"},"modified":"2026-03-23T13:57:07","modified_gmt":"2026-03-23T12:57:07","slug":"jarni-akce","status":"publish","type":"page","link":"https:\/\/vehix.cz\/ru\/jarni-akce\/","title":{"rendered":"Jarn\u00ed akce"},"content":{"rendered":"<div id=\"pl-1098\"  class=\"panel-layout\" ><div id=\"pg-1098-0\"  class=\"panel-grid panel-has-style\" ><div class=\"panel-row-style panel-row-style-for-1098-0\" ><div id=\"pgc-1098-0-0\"  class=\"panel-grid-cell\" ><div id=\"panel-1098-0-0-0\" class=\"so-panel widget widget_sow-editor panel-first-child panel-last-child\" data-index=\"0\" ><div class=\"panel-widget-style panel-widget-style-for-1098-0-0-0\" ><div\n\t\t\t\n\t\t\tclass=\"so-widget-sow-editor so-widget-sow-editor-base\"\n\t\t\t\n\t\t>\n<div class=\"siteorigin-widget-tinymce textwidget\">\n\t<p><img loading=\"lazy\" decoding=\"async\" class=\"aligncenter wp-image-1107 size-large\" src=\"https:\/\/vehix.cz\/wp-content\/uploads\/2026\/03\/JARNI-AKCE-1200-x-560-px-1024x393.png\" alt=\"\" width=\"1024\" height=\"393\" srcset=\"https:\/\/vehix.cz\/wp-content\/uploads\/2026\/03\/JARNI-AKCE-1200-x-560-px-1024x393.png 1024w, https:\/\/vehix.cz\/wp-content\/uploads\/2026\/03\/JARNI-AKCE-1200-x-560-px-300x115.png 300w, https:\/\/vehix.cz\/wp-content\/uploads\/2026\/03\/JARNI-AKCE-1200-x-560-px-768x294.png 768w, https:\/\/vehix.cz\/wp-content\/uploads\/2026\/03\/JARNI-AKCE-1200-x-560-px-24x9.png 24w, https:\/\/vehix.cz\/wp-content\/uploads\/2026\/03\/JARNI-AKCE-1200-x-560-px-36x14.png 36w, https:\/\/vehix.cz\/wp-content\/uploads\/2026\/03\/JARNI-AKCE-1200-x-560-px-48x18.png 48w, https:\/\/vehix.cz\/wp-content\/uploads\/2026\/03\/JARNI-AKCE-1200-x-560-px.png 1200w\" sizes=\"auto, (max-width: 1024px) 100vw, 1024px\" \/><\/p>\n<\/div>\n<\/div><\/div><\/div><\/div><\/div><\/div><div id=\"pg-1098-1\"  class=\"panel-grid panel-has-style\" ><div class=\"panel-row-style panel-row-style-for-1098-1\" ><div id=\"pgc-1098-1-0\"  class=\"panel-grid-cell\" ><div id=\"panel-1098-1-0-0\" class=\"so-panel widget widget_sow-editor panel-first-child panel-last-child\" data-index=\"1\" ><div class=\"panel-widget-style panel-widget-style-for-1098-1-0-0\" ><div\n\t\t\t\n\t\t\tclass=\"so-widget-sow-editor so-widget-sow-editor-base\"\n\t\t\t\n\t\t>\n<div class=\"siteorigin-widget-tinymce textwidget\">\n\t<h2 style=\"color: #d0012a; text-align: center;\">Jarn\u00ed kontrola vozu + dopln\u011bn\u00ed klimatizace<\/h2>\n<\/div>\n<\/div><\/div><\/div><\/div><\/div><\/div><div id=\"pg-1098-2\"  class=\"panel-grid panel-has-style\" ><div class=\"panel-row-style panel-row-style-for-1098-2\" ><div id=\"pgc-1098-2-0\"  class=\"panel-grid-cell\" ><div id=\"panel-1098-2-0-0\" class=\"so-panel widget widget_sow-editor panel-first-child panel-last-child\" data-index=\"2\" ><div class=\"panel-widget-style panel-widget-style-for-1098-2-0-0\" ><div\n\t\t\t\n\t\t\tclass=\"so-widget-sow-editor so-widget-sow-editor-base\"\n\t\t\t\n\t\t>\n<div class=\"siteorigin-widget-tinymce textwidget\">\n\t<p style=\"text-align: left;\"><span style=\"font-family: Exo; font-size: 30px;\"><strong>B\u011bhem jedn\u00e9 n\u00e1v\u0161t\u011bvy provedeme:<\/strong><\/span><\/p>\n<ul>\n<li>diagnostiku vozu<\/li>\n<li>kontrolu brzd<\/li>\n<li>kontrolu podvozku<\/li>\n<li>kontrolu provozn\u00edch kapalin<\/li>\n<li>kontrolu baterie<\/li>\n<li>dopln\u011bn\u00ed klimatizace<\/li>\n<li>vyhodnocen\u00ed stavu vozidla v\u010d. doporu\u010den\u00ed na&nbsp;mo\u017en\u00e9 bl\u00ed\u017e\u00edc\u00ed se&nbsp;\u00fakony.<\/li>\n<\/ul>\n<h3 style=\"color: #d0012a;\">To v\u0161e za&nbsp;zv\u00fdhodn\u011bnou cenu 1&nbsp;490&nbsp;K\u010d.<\/h3>\n<p>(Materi\u00e1l nen\u00ed sou\u010d\u00e1st\u00ed ceny)<\/p>\n<p>Pokud si&nbsp;zvol\u00edte term\u00edn sv\u00e9 n\u00e1v\u0161t\u011bvy a\u017e v&nbsp;dubnu, m\u016f\u017eeme p\u0159i&nbsp;stejn\u00e9 n\u00e1v\u0161t\u011bv\u011b rovnou vy\u0159e\u0161it tak\u00e9 <span style=\"color: #d0012a;\">p\u0159ezut\u00ed pneumatik ze zimn\u00edch na&nbsp;letn\u00ed<\/span>, abyste nemuseli jezdit do&nbsp;servisu znovu.<\/p>\n<p>Akce plat\u00ed do&nbsp;<span style=\"color: #d0012a;\"><strong>30<\/strong>. 4. 202<strong>6<\/strong><\/span>. Pro&nbsp;akci m\u00e1me p\u0159ipraveno pouze omezen\u00e9 mno\u017estv\u00ed term\u00edn\u016f, proto se&nbsp;nev\u00e1hejte objednat co nejd\u0159\u00edve.<\/p>\n<\/div>\n<\/div><\/div><\/div><\/div><\/div><\/div><div id=\"pg-1098-3\"  class=\"panel-grid panel-has-style\" ><div class=\"panel-row-style panel-row-style-for-1098-3\" ><div id=\"pgc-1098-3-0\"  class=\"panel-grid-cell\" ><div id=\"panel-1098-3-0-0\" class=\"so-panel widget widget_sow-editor panel-first-child panel-last-child\" data-index=\"3\" ><div class=\"panel-widget-style panel-widget-style-for-1098-3-0-0\" ><div\n\t\t\t\n\t\t\tclass=\"so-widget-sow-editor so-widget-sow-editor-base\"\n\t\t\t\n\t\t>\n<div class=\"siteorigin-widget-tinymce textwidget\">\n\t<h3>Kontaktujte n\u00e1s:<\/h3>\n<p style=\"text-align: left;\"><span style=\"font-family: Exo;\"><span style=\"font-size: 18pt;\"><strong>Provozovna:<br \/>\n<\/strong><span style=\"font-size: 14pt;\">U<\/span><\/span><span style=\"font-size: 14pt;\"> Michelsk\u00e9ho Lesa 1267<\/span><\/span><br \/>\n<span style=\"font-size: 14pt; font-family: Exo;\">140 00 Praha 4 - Kr\u010d<\/span><br \/>\n<span style=\"font-family: Exo;\"><span style=\"font-size: 14pt;\">Telefon: <a style=\"color: inherit;\" href=\"tel:+420739299662\">+420 739 299 662<\/a><\/span><\/span><\/p>\n<p><span style=\"font-size: 14pt;\">E-mail: <a style=\"color: inherit;\" href=\"mailto:servis@vehix.cz\">servis@vehix.cz<\/a><br \/>\n<\/span><\/p>\n<p style=\"text-align: left;\"><span style=\"font-size: 14pt; font-family: Exo;\"><strong>Otev\u00edrac\u00ed doba :<br \/>\n<\/strong>Po - P\u00e1 \u00a0\u00a0 9:00 - 17:00<\/span><\/p>\n<p style=\"text-align: left;\"><span style=\"font-size: 14pt; font-family: Exo;\"><em>po domluv\u011b:<\/em><\/span><br \/>\n<span style=\"font-size: 14pt; font-family: Exo;\"> <em>Po - P\u00e1 \u00a0\u00a0 8:00 - 18:00<\/em><\/span><\/p>\n<\/div>\n<\/div><\/div><\/div><\/div><\/div><\/div><div id=\"pg-1098-4\"  class=\"panel-grid panel-has-style\" ><div class=\"panel-row-style panel-row-style-for-1098-4\" ><div id=\"pgc-1098-4-0\"  class=\"panel-grid-cell\" ><div id=\"panel-1098-4-0-0\" class=\"so-panel widget widget_sow-editor panel-first-child panel-last-child\" data-index=\"4\" ><div class=\"panel-widget-style panel-widget-style-for-1098-4-0-0\" ><div\n\t\t\t\n\t\t\tclass=\"so-widget-sow-editor so-widget-sow-editor-base\"\n\t\t\t\n\t\t>\n<div class=\"siteorigin-widget-tinymce textwidget\">\n\t<p>Budeme r\u00e1di, kdy\u017e se u n\u00e1s zastav\u00edte a nov\u00fd servis si sami vyzkou\u0161\u00edte.<br \/>\nT\u00fdm VEHIX<\/p>\n<\/div>\n<\/div><\/div><\/div><\/div><\/div><\/div><div id=\"pg-1098-5\"  class=\"panel-grid panel-has-style\" ><div class=\"siteorigin-panels-stretch panel-row-style panel-row-style-for-1098-5\" id=\"contact-3\" data-stretch-type=\"full-width-stretch\" ><div id=\"pgc-1098-5-0\"  class=\"panel-grid-cell\" ><div id=\"panel-1098-5-0-0\" class=\"so-panel widget widget_sow-google-map panel-first-child panel-last-child\" data-index=\"5\" ><div\n\t\t\t\n\t\t\tclass=\"so-widget-sow-google-map so-widget-sow-google-map-default-6b23895f316e-1098\"\n\t\t\t\n\t\t>\n<div class=\"sow-google-map-canvas\"\n\tstyle=\"\"\n\tid=\"map-canvas-abf1034594e590165923cff37d362c5c\"\n\tdata-options=\"{&quot;address&quot;:&quot;&quot;,&quot;zoom&quot;:17,&quot;mobileZoom&quot;:17,&quot;gestureHandling&quot;:&quot;greedy&quot;,&quot;disableUi&quot;:false,&quot;markerIcon&quot;:false,&quot;markersDraggable&quot;:false,&quot;markerAtCenter&quot;:true,&quot;markerInfoDisplay&quot;:&quot;click&quot;,&quot;markerInfoMultiple&quot;:true,&quot;markerPositions&quot;:[{&quot;place&quot;:&quot;50.036509, 14.460353&quot;,&quot;info&quot;:&quot;&quot;,&quot;infoSelectedEditor&quot;:&quot;tinymce&quot;,&quot;infoMaxWidth&quot;:&quot;&quot;,&quot;customMarkerIcon&quot;:0,&quot;customMarkerIconSize&quot;:&quot;&quot;}],&quot;mapName&quot;:false,&quot;mapStyles&quot;:false,&quot;directions&quot;:&quot;&quot;,&quot;apiKey&quot;:&quot;AIzaSyBudMUfARKk7zN1kJUXqMj76xmfismCd8o&quot;,&quot;breakpoint&quot;:780,&quot;id&quot;:&quot;69f61e&quot;}\"\n\tdata-fallback-image=\"{&quot;img&quot;:&quot;&quot;}\"><\/div>\n<\/div><\/div><\/div><\/div><\/div><\/div>","protected":false},"excerpt":{"rendered":"<p>Jarn\u00ed kontrola vozu + dopln\u011bn\u00ed klimatizace<\/p>\n","protected":false},"author":1,"featured_media":0,"parent":0,"menu_order":0,"comment_status":"closed","ping_status":"closed","template":"","meta":{"footnotes":""},"class_list":["post-1098","page","type-page","status-publish","czr-hentry"],"yoast_head":"<!-- This site is optimized with the Yoast SEO plugin v27.1.1 - https:\/\/yoast.com\/product\/yoast-seo-wordpress\/ -->\n<title>VEHIX - BMW servis Praha<\/title>\n<meta name=\"description\" content=\"Auto a pneu servis Praha 4, kompletn\u00ed prohl\u00eddka vozu, zaji\u0161t\u011bn\u00ed STK a geometrie. V\u00fdm\u011bny brzd a provozn\u00edch kapalin v\u010d. filtr\u016f. Kompletn\u00ed diagnostika vozu\" \/>\n<meta name=\"robots\" content=\"index, follow, max-snippet:-1, max-image-preview:large, max-video-preview:-1\" \/>\n<link rel=\"canonical\" href=\"https:\/\/vehix.cz\/ru\/jarni-akce\/\" \/>\n<meta property=\"og:locale\" content=\"ru_RU\" \/>\n<meta property=\"og:type\" content=\"article\" \/>\n<meta property=\"og:title\" content=\"VEHIX - BMW servis Praha\" \/>\n<meta property=\"og:description\" content=\"Auto a pneu servis Praha 4, kompletn\u00ed prohl\u00eddka vozu, zaji\u0161t\u011bn\u00ed STK a geometrie. V\u00fdm\u011bny brzd a provozn\u00edch kapalin v\u010d. filtr\u016f. Kompletn\u00ed diagnostika vozu\" \/>\n<meta property=\"og:url\" content=\"https:\/\/vehix.cz\/ru\/jarni-akce\/\" \/>\n<meta property=\"og:site_name\" content=\"Vehix\" \/>\n<meta property=\"article:publisher\" content=\"https:\/\/www.facebook.com\/vehixauto\/\" \/>\n<meta property=\"article:modified_time\" content=\"2026-03-23T12:57:07+00:00\" \/>\n<meta property=\"og:image\" content=\"https:\/\/vehix.cz\/wp-content\/uploads\/2026\/03\/JARNI-AKCE-1200-x-560-px.png\" \/>\n\t<meta property=\"og:image:width\" content=\"1200\" \/>\n\t<meta property=\"og:image:height\" content=\"460\" \/>\n\t<meta property=\"og:image:type\" content=\"image\/png\" \/>\n<meta name=\"twitter:card\" content=\"summary_large_image\" \/>\n<meta name=\"twitter:label1\" content=\"Est. reading time\" \/>\n\t<meta name=\"twitter:data1\" content=\"1 minute\" \/>\n<script type=\"application\/ld+json\" class=\"yoast-schema-graph\">{\"@context\":\"https:\/\/schema.org\",\"@graph\":[{\"@type\":\"WebPage\",\"@id\":\"https:\/\/vehix.cz\/ru\/jarni-akce\/\",\"url\":\"https:\/\/vehix.cz\/ru\/jarni-akce\/\",\"name\":\"VEHIX - BMW servis Praha\",\"isPartOf\":{\"@id\":\"https:\/\/vehix.cz\/ru\/#website\"},\"primaryImageOfPage\":{\"@id\":\"https:\/\/vehix.cz\/ru\/jarni-akce\/#primaryimage\"},\"image\":{\"@id\":\"https:\/\/vehix.cz\/jarni-akce\/#primaryimage\"},\"thumbnailUrl\":\"https:\/\/vehix.cz\/wp-content\/uploads\/2026\/03\/JARNI-AKCE-1200-x-560-px-1024x393.png\",\"datePublished\":\"2026-03-23T09:28:36+00:00\",\"dateModified\":\"2026-03-23T12:57:07+00:00\",\"description\":\"Auto a pneu servis Praha 4, kompletn\u00ed prohl\u00eddka vozu, zaji\u0161t\u011bn\u00ed STK a geometrie. V\u00fdm\u011bny brzd a provozn\u00edch kapalin v\u010d. filtr\u016f. Kompletn\u00ed diagnostika vozu\",\"breadcrumb\":{\"@id\":\"https:\/\/vehix.cz\/ru\/jarni-akce\/#breadcrumb\"},\"inLanguage\":\"ru\",\"potentialAction\":[{\"@type\":\"ReadAction\",\"target\":[[\"https:\/\/vehix.cz\/ru\/jarni-akce\/\"]]}]},{\"@type\":\"ImageObject\",\"inLanguage\":\"ru\",\"@id\":\"https:\/\/vehix.cz\/ru\/jarni-akce\/#primaryimage\",\"url\":\"https:\/\/vehix.cz\/wp-content\/uploads\/2026\/03\/JARNI-AKCE-1200-x-560-px-1024x393.png\",\"contentUrl\":\"https:\/\/vehix.cz\/wp-content\/uploads\/2026\/03\/JARNI-AKCE-1200-x-560-px-1024x393.png\"},{\"@type\":\"BreadcrumbList\",\"@id\":\"https:\/\/vehix.cz\/ru\/jarni-akce\/#breadcrumb\",\"itemListElement\":[{\"@type\":\"ListItem\",\"position\":1,\"name\":\"Dom\u016f\",\"item\":\"https:\/\/vehix.cz\/ru\/\"},{\"@type\":\"ListItem\",\"position\":2,\"name\":\"Jarn\u00ed akce\"}]},{\"@type\":\"WebSite\",\"@id\":\"https:\/\/vehix.cz\/ru\/#website\",\"url\":\"https:\/\/vehix.cz\/ru\/\",\"name\":\"Vehix\",\"description\":\"+420 739 299 662,  U Michelsk\u00e9ho lesa 1267, Praha 4\",\"potentialAction\":[{\"@type\":\"SearchAction\",\"target\":{\"@type\":\"EntryPoint\",\"urlTemplate\":\"https:\/\/vehix.cz\/ru\/?s={search_term_string}\"},\"query-input\":{\"@type\":\"PropertyValueSpecification\",\"valueRequired\":true,\"valueName\":\"search_term_string\"}}],\"inLanguage\":\"ru\"}]}<\/script>\n<!-- \/ Yoast SEO plugin. -->","yoast_head_json":{"title":"VEHIX - BMW servis Praha","description":"Auto a pneu servis Praha 4, kompletn\u00ed prohl\u00eddka vozu, zaji\u0161t\u011bn\u00ed STK a geometrie. V\u00fdm\u011bny brzd a provozn\u00edch kapalin v\u010d. filtr\u016f. Kompletn\u00ed diagnostika vozu","robots":{"index":"index","follow":"follow","max-snippet":"max-snippet:-1","max-image-preview":"max-image-preview:large","max-video-preview":"max-video-preview:-1"},"canonical":"https:\/\/vehix.cz\/ru\/jarni-akce\/","og_locale":"ru_RU","og_type":"article","og_title":"VEHIX - BMW servis Praha","og_description":"Auto a pneu servis Praha 4, kompletn\u00ed prohl\u00eddka vozu, zaji\u0161t\u011bn\u00ed STK a geometrie. V\u00fdm\u011bny brzd a provozn\u00edch kapalin v\u010d. filtr\u016f. Kompletn\u00ed diagnostika vozu","og_url":"https:\/\/vehix.cz\/ru\/jarni-akce\/","og_site_name":"Vehix","article_publisher":"https:\/\/www.facebook.com\/vehixauto\/","article_modified_time":"2026-03-23T12:57:07+00:00","og_image":[{"width":1200,"height":460,"url":"https:\/\/vehix.cz\/wp-content\/uploads\/2026\/03\/JARNI-AKCE-1200-x-560-px.png","type":"image\/png"}],"twitter_card":"summary_large_image","twitter_misc":{"Est. reading time":"1 minute"},"schema":{"@context":"https:\/\/schema.org","@graph":[{"@type":"WebPage","@id":"https:\/\/vehix.cz\/ru\/jarni-akce\/","url":"https:\/\/vehix.cz\/ru\/jarni-akce\/","name":"VEHIX - BMW servis Praha","isPartOf":{"@id":"https:\/\/vehix.cz\/ru\/#website"},"primaryImageOfPage":{"@id":"https:\/\/vehix.cz\/ru\/jarni-akce\/#primaryimage"},"image":{"@id":"https:\/\/vehix.cz\/jarni-akce\/#primaryimage"},"thumbnailUrl":"https:\/\/vehix.cz\/wp-content\/uploads\/2026\/03\/JARNI-AKCE-1200-x-560-px-1024x393.png","datePublished":"2026-03-23T09:28:36+00:00","dateModified":"2026-03-23T12:57:07+00:00","description":"Auto a pneu servis Praha 4, kompletn\u00ed prohl\u00eddka vozu, zaji\u0161t\u011bn\u00ed STK a geometrie. V\u00fdm\u011bny brzd a provozn\u00edch kapalin v\u010d. filtr\u016f. Kompletn\u00ed diagnostika vozu","breadcrumb":{"@id":"https:\/\/vehix.cz\/ru\/jarni-akce\/#breadcrumb"},"inLanguage":"ru","potentialAction":[{"@type":"ReadAction","target":[["https:\/\/vehix.cz\/ru\/jarni-akce\/"]]}]},{"@type":"ImageObject","inLanguage":"ru","@id":"https:\/\/vehix.cz\/ru\/jarni-akce\/#primaryimage","url":"https:\/\/vehix.cz\/wp-content\/uploads\/2026\/03\/JARNI-AKCE-1200-x-560-px-1024x393.png","contentUrl":"https:\/\/vehix.cz\/wp-content\/uploads\/2026\/03\/JARNI-AKCE-1200-x-560-px-1024x393.png"},{"@type":"BreadcrumbList","@id":"https:\/\/vehix.cz\/ru\/jarni-akce\/#breadcrumb","itemListElement":[{"@type":"ListItem","position":1,"name":"Dom\u016f","item":"https:\/\/vehix.cz\/ru\/"},{"@type":"ListItem","position":2,"name":"Jarn\u00ed akce"}]},{"@type":"WebSite","@id":"https:\/\/vehix.cz\/ru\/#website","url":"https:\/\/vehix.cz\/ru\/","name":"Vehix","description":"+420 739 299 662,  U Michelsk\u00e9ho lesa 1267, Praha 4","potentialAction":[{"@type":"SearchAction","target":{"@type":"EntryPoint","urlTemplate":"https:\/\/vehix.cz\/ru\/?s={search_term_string}"},"query-input":{"@type":"PropertyValueSpecification","valueRequired":true,"valueName":"search_term_string"}}],"inLanguage":"ru"}]}},"_links":{"self":[{"href":"https:\/\/vehix.cz\/ru\/wp-json\/wp\/v2\/pages\/1098","targetHints":{"allow":["GET"]}}],"collection":[{"href":"https:\/\/vehix.cz\/ru\/wp-json\/wp\/v2\/pages"}],"about":[{"href":"https:\/\/vehix.cz\/ru\/wp-json\/wp\/v2\/types\/page"}],"author":[{"embeddable":true,"href":"https:\/\/vehix.cz\/ru\/wp-json\/wp\/v2\/users\/1"}],"replies":[{"embeddable":true,"href":"https:\/\/vehix.cz\/ru\/wp-json\/wp\/v2\/comments?post=1098"}],"version-history":[{"count":32,"href":"https:\/\/vehix.cz\/ru\/wp-json\/wp\/v2\/pages\/1098\/revisions"}],"predecessor-version":[{"id":1135,"href":"https:\/\/vehix.cz\/ru\/wp-json\/wp\/v2\/pages\/1098\/revisions\/1135"}],"wp:attachment":[{"href":"https:\/\/vehix.cz\/ru\/wp-json\/wp\/v2\/media?parent=1098"}],"curies":[{"name":"wp","href":"https:\/\/api.w.org\/{rel}","templated":true}]}}