{"id":1013,"date":"2022-07-17T14:22:12","date_gmt":"2022-07-17T13:22:12","guid":{"rendered":"http:\/\/www.vehix.cz\/?page_id=1013"},"modified":"2026-03-09T15:23:27","modified_gmt":"2026-03-09T14:23:27","slug":"kontrolavozu","status":"publish","type":"page","link":"https:\/\/vehix.cz\/ru\/kontrolavozu\/","title":{"rendered":"Kontrola"},"content":{"rendered":"<div id=\"pl-1013\"  class=\"panel-layout\" ><div id=\"pg-1013-0\"  class=\"panel-grid panel-no-style\" ><div id=\"pgc-1013-0-0\"  class=\"panel-grid-cell\" ><div id=\"panel-1013-0-0-0\" class=\"so-panel widget widget_sow-editor panel-first-child panel-last-child\" data-index=\"0\" ><div\n\t\t\t\n\t\t\tclass=\"so-widget-sow-editor so-widget-sow-editor-base\"\n\t\t\t\n\t\t>\n<div class=\"siteorigin-widget-tinymce textwidget\">\n\t<p><span style=\"font-family: Exo;\"><img loading=\"lazy\" decoding=\"async\" class=\"alignnone wp-image-767 size-full\" src=\"http:\/\/www.vehix.cz\/wp-content\/uploads\/2020\/04\/kontrola.png\" alt=\"\" width=\"613\" height=\"113\" srcset=\"https:\/\/vehix.cz\/wp-content\/uploads\/2020\/04\/kontrola.png 613w, https:\/\/vehix.cz\/wp-content\/uploads\/2020\/04\/kontrola-300x55.png 300w, https:\/\/vehix.cz\/wp-content\/uploads\/2020\/04\/kontrola-24x4.png 24w, https:\/\/vehix.cz\/wp-content\/uploads\/2020\/04\/kontrola-36x7.png 36w, https:\/\/vehix.cz\/wp-content\/uploads\/2020\/04\/kontrola-48x9.png 48w\" sizes=\"auto, (max-width: 613px) 100vw, 613px\" \/><\/span><\/p>\n<p><span style=\"font-family: Exo;\">Pot\u0159ebujete zkontrolovat stav vozu? Nen\u00ed probl\u00e9m!<\/span><\/p>\n<p><span style=\"font-family: Exo;\">Karoserii vozu kontrolujeme p\u0159i p\u0159\u00edjezdu po vizu\u00e1ln\u00ed str\u00e1nce. Na heveru je provedena kontrola n\u00e1prav, brzd, stavu pneu, \u00faniku kapalin \u010di jin\u00fdch viditeln\u00fdch mechanick\u00fdch po\u0161kozen\u00ed. <\/span><\/p>\n<p><span style=\"font-family: Exo;\">D\u00e1le prov\u011b\u0159ujeme stav vozidla kontroln\u00ed j\u00edzdou a zam\u011b\u0159ujeme se na j\u00edzdn\u00ed vlastnosti vozu. V p\u0159\u00edpad\u011b pot\u0159eby zlep\u0161en\u00ed j\u00edzdn\u00edch vlastnost\u00ed doporu\u010d\u00edme vhodn\u00e9 \u00fapravy podvozku, a to v\u010detn\u011b mo\u017en\u00fdch sportovn\u00edch odlad\u011bn\u00ed.<\/span><\/p>\n<p><span style=\"font-family: Exo;\">Jsme tu pro v\u00e1s p\u0159i i koupi vozu. R\u00e1di v\u00e1m nov\u00fd v\u016fz p\u0159ed koup\u00ed zkontrolujeme \u010di v\u00e1m ho rovnou vybereme.<\/span><\/p>\n<p><span style=\"font-family: Exo;\">Pro v\u00edce informac\u00ed n\u00e1s nev\u00e1hejte kontaktovat.<\/span><\/p>\n<p>&nbsp;<\/p>\n<\/div>\n<\/div><\/div><\/div><\/div><div id=\"pg-1013-1\"  class=\"panel-grid panel-no-style\" ><div id=\"pgc-1013-1-0\"  class=\"panel-grid-cell\" ><div id=\"panel-1013-1-0-0\" class=\"so-panel widget widget_sow-editor panel-first-child panel-last-child\" data-index=\"1\" ><div class=\"panel-widget-style panel-widget-style-for-1013-1-0-0\" ><div\n\t\t\t\n\t\t\tclass=\"so-widget-sow-editor so-widget-sow-editor-base\"\n\t\t\t\n\t\t>\n<div class=\"siteorigin-widget-tinymce textwidget\">\n\t<p style=\"text-align: center;\"><span style=\"font-family: Exo;\"><span style=\"font-size: 18pt;\"><strong>Provozovna:<br \/>\n<\/strong><span style=\"font-size: 14pt;\">U<\/span><\/span><span style=\"font-size: 14pt;\"> Michelsk\u00e9ho Lesa 1267<\/span><\/span><br \/>\n<span style=\"font-size: 14pt; font-family: Exo;\">140 00 Praha 4 - Kr\u010d<\/span><br \/>\n<span style=\"font-family: Exo;\"><span style=\"font-size: 14pt;\">Telefon - servis: +420 739 299 662<br \/>\n<\/span><span style=\"font-size: 14pt;\">E-mail - servis@vehix.cz<\/span><\/span><\/p>\n<p style=\"text-align: center;\"><span style=\"font-size: 14pt; font-family: Exo;\"><strong>Otev\u00edrac\u00ed doba :<br \/>\n<\/strong>Po - P\u00e1 \u00a0\u00a0 9:00 - 17:00<\/span><\/p>\n<p style=\"text-align: center;\"><span style=\"font-size: 14pt; font-family: Exo;\"><em>po domluv\u011b<\/em><\/span><br \/>\n<span style=\"font-size: 14pt; font-family: Exo;\"> <em>Po - P\u00e1 \u00a0\u00a0 8:00 - 18:00<\/em><\/span><\/p>\n<p style=\"text-align: center;\"><span style=\"font-family: Exo;\"><strong><span style=\"font-size: 18pt;\"><br \/>\nS\u00eddlo firmy:<\/span><br \/>\n<\/strong><span style=\"font-size: 14pt;\">V Str\u00e1ni 415\/3<\/span><\/span><br \/>\n<span style=\"font-size: 14pt; font-family: Exo;\">150 00 Praha 5<\/span><\/p>\n<p style=\"text-align: center;\"><span style=\"font-size: 14pt; font-family: Exo;\">I\u010c: 01430734<\/span><br \/>\n<span style=\"font-size: 14pt; font-family: Exo;\">DI\u010c: 01430734<\/span><\/p>\n<\/div>\n<\/div><\/div><\/div><\/div><\/div><\/div>","protected":false},"excerpt":{"rendered":"<p>Pot\u0159ebujete zkontrolovat stav vozu? Nen\u00ed probl\u00e9m! Karoserii vozu kontrolujeme p\u0159i p\u0159\u00edjezdu po vizu\u00e1ln\u00ed str\u00e1nce. Na heveru je provedena kontrola n\u00e1prav, brzd, stavu pneu, \u00faniku kapalin \u010di jin\u00fdch viditeln\u00fdch mechanick\u00fdch po\u0161kozen\u00ed. D\u00e1le prov\u011b\u0159ujeme stav vozidla kontroln\u00ed j\u00edzdou a zam\u011b\u0159ujeme se na j\u00edzdn\u00ed vlastnosti vozu. V p\u0159\u00edpad\u011b pot\u0159eby zlep\u0161en\u00ed j\u00edzdn\u00edch vlastnost\u00ed doporu\u010d\u00edme vhodn\u00e9 \u00fapravy podvozku, a to [&hellip;]<\/p>\n","protected":false},"author":1,"featured_media":0,"parent":0,"menu_order":0,"comment_status":"closed","ping_status":"closed","template":"","meta":{"footnotes":""},"class_list":["post-1013","page","type-page","status-publish","czr-hentry"],"yoast_head":"<!-- This site is optimized with the Yoast SEO plugin v27.1.1 - https:\/\/yoast.com\/product\/yoast-seo-wordpress\/ -->\n<title>Kontrola - Vehix<\/title>\n<meta name=\"robots\" content=\"index, follow, max-snippet:-1, max-image-preview:large, max-video-preview:-1\" \/>\n<link rel=\"canonical\" href=\"https:\/\/vehix.cz\/ru\/kontrolavozu\/\" \/>\n<meta property=\"og:locale\" content=\"ru_RU\" \/>\n<meta property=\"og:type\" content=\"article\" \/>\n<meta property=\"og:title\" content=\"Kontrola - Vehix\" \/>\n<meta property=\"og:description\" content=\"Pot\u0159ebujete zkontrolovat stav vozu? Nen\u00ed probl\u00e9m! Karoserii vozu kontrolujeme p\u0159i p\u0159\u00edjezdu po vizu\u00e1ln\u00ed str\u00e1nce. Na heveru je provedena kontrola n\u00e1prav, brzd, stavu pneu, \u00faniku kapalin \u010di jin\u00fdch viditeln\u00fdch mechanick\u00fdch po\u0161kozen\u00ed. D\u00e1le prov\u011b\u0159ujeme stav vozidla kontroln\u00ed j\u00edzdou a zam\u011b\u0159ujeme se na j\u00edzdn\u00ed vlastnosti vozu. V p\u0159\u00edpad\u011b pot\u0159eby zlep\u0161en\u00ed j\u00edzdn\u00edch vlastnost\u00ed doporu\u010d\u00edme vhodn\u00e9 \u00fapravy podvozku, a to [&hellip;]\" \/>\n<meta property=\"og:url\" content=\"https:\/\/vehix.cz\/ru\/kontrolavozu\/\" \/>\n<meta property=\"og:site_name\" content=\"Vehix\" \/>\n<meta property=\"article:publisher\" content=\"https:\/\/www.facebook.com\/vehixauto\/\" \/>\n<meta property=\"article:modified_time\" content=\"2026-03-09T14:23:27+00:00\" \/>\n<meta property=\"og:image\" content=\"https:\/\/vehix.cz\/wp-content\/uploads\/2020\/04\/kontrola.png\" \/>\n\t<meta property=\"og:image:width\" content=\"613\" \/>\n\t<meta property=\"og:image:height\" content=\"113\" \/>\n\t<meta property=\"og:image:type\" content=\"image\/png\" \/>\n<meta name=\"twitter:card\" content=\"summary_large_image\" \/>\n<meta name=\"twitter:label1\" content=\"Est. reading time\" \/>\n\t<meta name=\"twitter:data1\" content=\"1 minute\" \/>\n<script type=\"application\/ld+json\" class=\"yoast-schema-graph\">{\"@context\":\"https:\/\/schema.org\",\"@graph\":[{\"@type\":\"WebPage\",\"@id\":\"https:\/\/vehix.cz\/ru\/kontrolavozu\/\",\"url\":\"https:\/\/vehix.cz\/ru\/kontrolavozu\/\",\"name\":\"Kontrola - Vehix\",\"isPartOf\":{\"@id\":\"https:\/\/vehix.cz\/ru\/#website\"},\"primaryImageOfPage\":{\"@id\":\"https:\/\/vehix.cz\/ru\/kontrolavozu\/#primaryimage\"},\"image\":{\"@id\":\"https:\/\/vehix.cz\/kontrolavozu\/#primaryimage\"},\"thumbnailUrl\":\"http:\/\/www.vehix.cz\/wp-content\/uploads\/2020\/04\/kontrola.png\",\"datePublished\":\"2022-07-17T13:22:12+00:00\",\"dateModified\":\"2026-03-09T14:23:27+00:00\",\"breadcrumb\":{\"@id\":\"https:\/\/vehix.cz\/ru\/kontrolavozu\/#breadcrumb\"},\"inLanguage\":\"ru\",\"potentialAction\":[{\"@type\":\"ReadAction\",\"target\":[[\"https:\/\/vehix.cz\/ru\/kontrolavozu\/\"]]}]},{\"@type\":\"ImageObject\",\"inLanguage\":\"ru\",\"@id\":\"https:\/\/vehix.cz\/ru\/kontrolavozu\/#primaryimage\",\"url\":\"http:\/\/www.vehix.cz\/wp-content\/uploads\/2020\/04\/kontrola.png\",\"contentUrl\":\"http:\/\/www.vehix.cz\/wp-content\/uploads\/2020\/04\/kontrola.png\"},{\"@type\":\"BreadcrumbList\",\"@id\":\"https:\/\/vehix.cz\/ru\/kontrolavozu\/#breadcrumb\",\"itemListElement\":[{\"@type\":\"ListItem\",\"position\":1,\"name\":\"Dom\u016f\",\"item\":\"https:\/\/vehix.cz\/ru\/\"},{\"@type\":\"ListItem\",\"position\":2,\"name\":\"Kontrola\"}]},{\"@type\":\"WebSite\",\"@id\":\"https:\/\/vehix.cz\/ru\/#website\",\"url\":\"https:\/\/vehix.cz\/ru\/\",\"name\":\"Vehix\",\"description\":\"+420 739 299 662,  U Michelsk\u00e9ho lesa 1267, Praha 4\",\"potentialAction\":[{\"@type\":\"SearchAction\",\"target\":{\"@type\":\"EntryPoint\",\"urlTemplate\":\"https:\/\/vehix.cz\/ru\/?s={search_term_string}\"},\"query-input\":{\"@type\":\"PropertyValueSpecification\",\"valueRequired\":true,\"valueName\":\"search_term_string\"}}],\"inLanguage\":\"ru\"}]}<\/script>\n<!-- \/ Yoast SEO plugin. -->","yoast_head_json":{"title":"Kontrola - Vehix","robots":{"index":"index","follow":"follow","max-snippet":"max-snippet:-1","max-image-preview":"max-image-preview:large","max-video-preview":"max-video-preview:-1"},"canonical":"https:\/\/vehix.cz\/ru\/kontrolavozu\/","og_locale":"ru_RU","og_type":"article","og_title":"Kontrola - Vehix","og_description":"Pot\u0159ebujete zkontrolovat stav vozu? Nen\u00ed probl\u00e9m! Karoserii vozu kontrolujeme p\u0159i p\u0159\u00edjezdu po vizu\u00e1ln\u00ed str\u00e1nce. Na heveru je provedena kontrola n\u00e1prav, brzd, stavu pneu, \u00faniku kapalin \u010di jin\u00fdch viditeln\u00fdch mechanick\u00fdch po\u0161kozen\u00ed. D\u00e1le prov\u011b\u0159ujeme stav vozidla kontroln\u00ed j\u00edzdou a zam\u011b\u0159ujeme se na j\u00edzdn\u00ed vlastnosti vozu. V p\u0159\u00edpad\u011b pot\u0159eby zlep\u0161en\u00ed j\u00edzdn\u00edch vlastnost\u00ed doporu\u010d\u00edme vhodn\u00e9 \u00fapravy podvozku, a to [&hellip;]","og_url":"https:\/\/vehix.cz\/ru\/kontrolavozu\/","og_site_name":"Vehix","article_publisher":"https:\/\/www.facebook.com\/vehixauto\/","article_modified_time":"2026-03-09T14:23:27+00:00","og_image":[{"width":613,"height":113,"url":"https:\/\/vehix.cz\/wp-content\/uploads\/2020\/04\/kontrola.png","type":"image\/png"}],"twitter_card":"summary_large_image","twitter_misc":{"Est. reading time":"1 minute"},"schema":{"@context":"https:\/\/schema.org","@graph":[{"@type":"WebPage","@id":"https:\/\/vehix.cz\/ru\/kontrolavozu\/","url":"https:\/\/vehix.cz\/ru\/kontrolavozu\/","name":"Kontrola - Vehix","isPartOf":{"@id":"https:\/\/vehix.cz\/ru\/#website"},"primaryImageOfPage":{"@id":"https:\/\/vehix.cz\/ru\/kontrolavozu\/#primaryimage"},"image":{"@id":"https:\/\/vehix.cz\/kontrolavozu\/#primaryimage"},"thumbnailUrl":"http:\/\/www.vehix.cz\/wp-content\/uploads\/2020\/04\/kontrola.png","datePublished":"2022-07-17T13:22:12+00:00","dateModified":"2026-03-09T14:23:27+00:00","breadcrumb":{"@id":"https:\/\/vehix.cz\/ru\/kontrolavozu\/#breadcrumb"},"inLanguage":"ru","potentialAction":[{"@type":"ReadAction","target":[["https:\/\/vehix.cz\/ru\/kontrolavozu\/"]]}]},{"@type":"ImageObject","inLanguage":"ru","@id":"https:\/\/vehix.cz\/ru\/kontrolavozu\/#primaryimage","url":"http:\/\/www.vehix.cz\/wp-content\/uploads\/2020\/04\/kontrola.png","contentUrl":"http:\/\/www.vehix.cz\/wp-content\/uploads\/2020\/04\/kontrola.png"},{"@type":"BreadcrumbList","@id":"https:\/\/vehix.cz\/ru\/kontrolavozu\/#breadcrumb","itemListElement":[{"@type":"ListItem","position":1,"name":"Dom\u016f","item":"https:\/\/vehix.cz\/ru\/"},{"@type":"ListItem","position":2,"name":"Kontrola"}]},{"@type":"WebSite","@id":"https:\/\/vehix.cz\/ru\/#website","url":"https:\/\/vehix.cz\/ru\/","name":"Vehix","description":"+420 739 299 662,  U Michelsk\u00e9ho lesa 1267, Praha 4","potentialAction":[{"@type":"SearchAction","target":{"@type":"EntryPoint","urlTemplate":"https:\/\/vehix.cz\/ru\/?s={search_term_string}"},"query-input":{"@type":"PropertyValueSpecification","valueRequired":true,"valueName":"search_term_string"}}],"inLanguage":"ru"}]}},"_links":{"self":[{"href":"https:\/\/vehix.cz\/ru\/wp-json\/wp\/v2\/pages\/1013","targetHints":{"allow":["GET"]}}],"collection":[{"href":"https:\/\/vehix.cz\/ru\/wp-json\/wp\/v2\/pages"}],"about":[{"href":"https:\/\/vehix.cz\/ru\/wp-json\/wp\/v2\/types\/page"}],"author":[{"embeddable":true,"href":"https:\/\/vehix.cz\/ru\/wp-json\/wp\/v2\/users\/1"}],"replies":[{"embeddable":true,"href":"https:\/\/vehix.cz\/ru\/wp-json\/wp\/v2\/comments?post=1013"}],"version-history":[{"count":9,"href":"https:\/\/vehix.cz\/ru\/wp-json\/wp\/v2\/pages\/1013\/revisions"}],"predecessor-version":[{"id":1092,"href":"https:\/\/vehix.cz\/ru\/wp-json\/wp\/v2\/pages\/1013\/revisions\/1092"}],"wp:attachment":[{"href":"https:\/\/vehix.cz\/ru\/wp-json\/wp\/v2\/media?parent=1013"}],"curies":[{"name":"wp","href":"https:\/\/api.w.org\/{rel}","templated":true}]}}