{"id":1140,"date":"2026-03-25T18:52:47","date_gmt":"2026-03-25T17:52:47","guid":{"rendered":"https:\/\/www.vehix.cz\/?page_id=1140"},"modified":"2026-03-25T21:01:34","modified_gmt":"2026-03-25T20:01:34","slug":"cenik","status":"publish","type":"page","link":"https:\/\/vehix.cz\/en\/cenik\/","title":{"rendered":"Cen\u00edk"},"content":{"rendered":"<div id=\"pl-1140\"  class=\"panel-layout\" ><div id=\"pg-1140-0\"  class=\"panel-grid panel-has-style\" ><div class=\"panel-row-style panel-row-style-for-1140-0\" ><div id=\"pgc-1140-0-0\"  class=\"panel-grid-cell\" ><div id=\"panel-1140-0-0-0\" class=\"so-panel widget widget_sow-editor panel-first-child\" data-index=\"0\" ><div class=\"panel-widget-style panel-widget-style-for-1140-0-0-0\" ><div\n\t\t\t\n\t\t\tclass=\"so-widget-sow-editor so-widget-sow-editor-base\"\n\t\t\t\n\t\t>\n<div class=\"siteorigin-widget-tinymce textwidget\">\n\t<h3><span style=\"font-family: Exo; font-size: 18px;\"><img loading=\"lazy\" decoding=\"async\" class=\"aligncenter wp-image-754 size-large\" src=\"https:\/\/vehix.cz\/wp-content\/uploads\/2020\/04\/03_cenik-1024x241.png\" alt=\"\" width=\"1024\" height=\"241\" srcset=\"https:\/\/vehix.cz\/wp-content\/uploads\/2020\/04\/03_cenik-1024x241.png 1024w, https:\/\/vehix.cz\/wp-content\/uploads\/2020\/04\/03_cenik-300x71.png 300w, https:\/\/vehix.cz\/wp-content\/uploads\/2020\/04\/03_cenik-768x181.png 768w, https:\/\/vehix.cz\/wp-content\/uploads\/2020\/04\/03_cenik-24x6.png 24w, https:\/\/vehix.cz\/wp-content\/uploads\/2020\/04\/03_cenik-36x8.png 36w, https:\/\/vehix.cz\/wp-content\/uploads\/2020\/04\/03_cenik-48x11.png 48w, https:\/\/vehix.cz\/wp-content\/uploads\/2020\/04\/03_cenik.png 1200w\" sizes=\"auto, (max-width: 1024px) 100vw, 1024px\" \/><\/span><\/h3>\n<h3><span style=\"font-size: 18px;\"><img loading=\"lazy\" decoding=\"async\" class=\"wp-image-760 size-medium alignnone\" src=\"https:\/\/vehix.cz\/wp-content\/uploads\/2020\/04\/cenik_autoservis-300x55.png\" alt=\"\" width=\"300\" height=\"55\" srcset=\"https:\/\/vehix.cz\/wp-content\/uploads\/2020\/04\/cenik_autoservis-300x55.png 300w, https:\/\/vehix.cz\/wp-content\/uploads\/2020\/04\/cenik_autoservis-24x4.png 24w, https:\/\/vehix.cz\/wp-content\/uploads\/2020\/04\/cenik_autoservis-36x7.png 36w, https:\/\/vehix.cz\/wp-content\/uploads\/2020\/04\/cenik_autoservis-48x9.png 48w, https:\/\/vehix.cz\/wp-content\/uploads\/2020\/04\/cenik_autoservis.png 613w\" sizes=\"auto, (max-width: 300px) 100vw, 300px\" \/><\/span><\/h3>\n<h3 style=\"text-align: left;\"><span style=\"font-size: 18px;\">Nen\u00ed-li uvedeno jinak, ceny jsou v\u010detn\u011b DPH<\/span><\/h3>\n<h3 style=\"text-align: left;\"><span style=\"font-size: 18px;\">Z\u00e1kladn\u00ed hodinov\u00e1 sazba mechanick\u00fdch prac\u00ed - 1\u00a0290\u00a0K\u010d<\/span><br \/>\n<span style=\"font-size: 18px;\">Expresn\u00ed hodinov\u00e1 sazba mechanick\u00fdch prac\u00ed - 1\u00a0490\u00a0K\u010d<\/span><br \/>\n<span style=\"font-size: 18px;\">Hodinov\u00e1 sazba specializovan\u00fdch prac\u00ed - 1\u00a0490\u00a0K\u010d<\/span><br \/>\n<span style=\"font-size: 18px;\">Zaps\u00e1n\u00ed proveden\u00e9ho servisu do\u00a0vozu - 450\u00a0K\u010d<\/span><br \/>\n<span style=\"font-size: 18px;\">Na\u010dten\u00ed a\u00a0smaz\u00e1n\u00ed chyb vozu - 290\u00a0K\u010d<\/span><br \/>\n<span style=\"font-size: 18px;\">Diagnostika pomoci PC \u2013 offline \u2013 v\u010detn\u011b anal\u00fdzy probl\u00e9m\u016f - 1\u00a0490\u00a0K\u010d<\/span><br \/>\n<span style=\"font-size: 18px;\">Hodinov\u00e1 sazba paraleln\u00ed diagnostiky (nap\u0159. osciloskopem) - 2\u00a0290\u00a0K\u010d<\/span><br \/>\n<span style=\"font-size: 18px;\">Hodinov\u00e1 sazba k\u00f3dov\u00e1n\u00ed jednotek vozu - 1\u00a0690\u00a0K\u010d<\/span><br \/>\n<span style=\"font-size: 18px;\">K\u00f3dov\u00e1n\u00ed cel\u00e9ho vozu - 8\u00a0500\u00a0K\u010d<\/span><br \/>\n<span style=\"font-size: 18px;\">Geometrie obou n\u00e1prav\u00a0 - 2\u00a0190\u00a0K\u010d<\/span><br \/>\n<span style=\"font-size: 18px;\">V\u00fdm\u011bna\u00a0brzdov\u00e9 kapaliny v\u010detn\u011b orig. BMW n\u00e1pln\u011b - 1\u00a0490\u00a0K\u010d<\/span><br \/>\n<span style=\"font-size: 18px;\">Kontrola\/Pln\u011bn\u00ed klimatizace R134a - 790\u00a0K\u010d<\/span><br \/>\n<span style=\"font-size: 18px;\">Chladivo R134a ( 1\u00a0gram) - 3,5\u00a0K\u010d<\/span><br \/>\n<span style=\"font-size: 18px;\">Dezinfekce interi\u00e9ru oz\u00f3nem - 450\u00a0K\u010d<\/span><br \/>\n<span style=\"font-size: 18px;\">V\u00fdm\u011bna\u00a0oleje v\u00a0automatick\u00e9 p\u0159evodovce 6HP v\u010detn\u011b spot\u0159ebn\u00edch materi\u00e1l\u016f a\u00a0kalibrace - 13\u00a0900\u00a0K\u010d<\/span><br \/>\n<span style=\"font-size: 18px;\">V\u00fdm\u011bna\u00a0oleje v\u00a0automatick\u00e9 p\u0159evodovce 8HP v\u010detn\u011b spot\u0159ebn\u00edch materi\u00e1l\u016f a\u00a0kalibrace - 14\u00a0900\u00a0K\u010d<\/span><\/h3>\n<\/div>\n<\/div><\/div><\/div><div id=\"panel-1140-0-0-1\" class=\"so-panel widget widget_sow-editor panel-last-child\" data-index=\"1\" ><div class=\"panel-widget-style panel-widget-style-for-1140-0-0-1\" ><div\n\t\t\t\n\t\t\tclass=\"so-widget-sow-editor so-widget-sow-editor-base\"\n\t\t\t\n\t\t>\n<div class=\"siteorigin-widget-tinymce textwidget\">\n\t<p><span style=\"font-size: 18px;\"><img loading=\"lazy\" decoding=\"async\" class=\"alignnone size-medium wp-image-761\" src=\"https:\/\/vehix.cz\/wp-content\/uploads\/2020\/04\/cenik_pneuservis-300x55.png\" alt=\"\" width=\"300\" height=\"55\" srcset=\"https:\/\/vehix.cz\/wp-content\/uploads\/2020\/04\/cenik_pneuservis-300x55.png 300w, https:\/\/vehix.cz\/wp-content\/uploads\/2020\/04\/cenik_pneuservis-24x4.png 24w, https:\/\/vehix.cz\/wp-content\/uploads\/2020\/04\/cenik_pneuservis-36x7.png 36w, https:\/\/vehix.cz\/wp-content\/uploads\/2020\/04\/cenik_pneuservis-48x9.png 48w, https:\/\/vehix.cz\/wp-content\/uploads\/2020\/04\/cenik_pneuservis.png 613w\" sizes=\"auto, (max-width: 300px) 100vw, 300px\" \/><\/span><\/p>\n<table style=\"border-collapse: collapse; height: 174px; width: 100%; min-width: 720px;\" border=\"1\">\n<tbody>\n<tr style=\"height: 27px;\">\n<td style=\"width: 250px; min-width: 250px; max-width: 250px; text-align: left; height: 30px;\"><span style=\"font-size: 18px; color: #444;\">Pr\u016fm\u011br disku:<\/span><\/td>\n<td style=\"width: 110px; min-width: 110px; text-align: center; height: 30px;\"><span style=\"font-size: 18px; color: #444;\">do&nbsp;16\u2033<\/span><\/td>\n<td style=\"width: 110px; min-width: 110px; text-align: center; height: 30px;\"><span style=\"font-size: 18px; color: #444;\">17\u2033-18\u2033<\/span><\/td>\n<td style=\"width: 110px; min-width: 110px; text-align: center; height: 30px;\"><span style=\"font-size: 18px; color: #444;\">19\u2033<\/span><\/td>\n<td style=\"width: 110px; min-width: 110px; text-align: center; height: 30px;\"><span style=\"font-size: 18px; color: #444;\">20\u2033-21\u2033<\/span><\/td>\n<\/tr>\n<tr style=\"height: 66px;\">\n<td style=\"width: 250px; min-width: 250px; max-width: 250px; height: 66px;\"><span style=\"font-size: 18px; color: #444;\">Celkov\u00e9 p\u0159ezut\u00ed pneu, vyv\u00e1\u017een\u00ed a&nbsp;mont\u00e1\u017e \u2013 sada 4&nbsp;kol (v\u010detn\u011b z\u00e1va\u017e\u00ed 100g celkem)<\/span><\/td>\n<td style=\"width: 110px; min-width: 110px; height: 66px; text-align: center;\"><span style=\"font-size: 18px; color: #444;\">990&nbsp;K\u010d<\/span><\/td>\n<td style=\"width: 110px; min-width: 110px; height: 66px; text-align: center;\"><span style=\"font-size: 18px; color: #444;\">1190K\u010d <\/span><\/td>\n<td style=\"width: 110px; min-width: 110px; height: 66px; text-align: center;\"><span style=\"font-size: 18px; color: #444;\">1390&nbsp;K\u010d<\/span><\/td>\n<td style=\"width: 110px; min-width: 110px; height: 66px; text-align: center;\"><span style=\"font-size: 18px; color: #444;\">1790&nbsp;K\u010d<\/span><\/td>\n<\/tr>\n<tr style=\"height: 66px;\">\n<td style=\"width: 250px; min-width: 250px; max-width: 250px; height: 66px;\"><span style=\"font-size: 18px; color: #444;\">V\u00fdm\u011bna&nbsp;nazut\u00fdch pneu, vyv\u00e1\u017een\u00ed a&nbsp;mont\u00e1\u017e- sada 4&nbsp;kol (v\u010detn\u011b z\u00e1va\u017e\u00ed 100g celkem)<\/span><\/td>\n<td style=\"width: 110px; min-width: 110px; height: 66px; text-align: center;\"><span style=\"font-size: 18px; color: #444;\">690&nbsp;K\u010d<\/span><\/td>\n<td style=\"width: 110px; min-width: 110px; height: 66px; text-align: center;\"><span style=\"font-size: 18px; color: #444;\">890&nbsp;K\u010d<\/span><\/td>\n<td style=\"width: 110px; min-width: 110px; height: 66px; text-align: center;\"><span style=\"font-size: 18px; color: #444;\">1090&nbsp;K\u010d <\/span><\/td>\n<td style=\"width: 110px; min-width: 110px; height: 66px; text-align: center;\"><span style=\"font-size: 18px; color: #444;\">1490&nbsp;K\u010d<\/span><\/td>\n<\/tr>\n<\/tbody>\n<\/table>\n<p><span style=\"font-size: 18px;\">SUV a&nbsp;MPV 1&nbsp;kolo + 100&nbsp;K\u010d<\/span><br \/>\n<span style=\"font-size: 18px;\">OFF ROAD a&nbsp;DOD\u00c1VKA 1&nbsp;kolo + 100&nbsp;K\u010d<\/span><br \/>\n<span style=\"font-size: 18px;\">RUNFLAT pneu 1&nbsp;kolo + 200&nbsp;K\u010d<\/span><br \/>\n<span style=\"font-size: 18px;\">N\u00edzkoprofilov\u00e1 pneumatika <\/span><span style=\"font-size: 18px;\">profil 35&nbsp;a&nbsp;ni\u017e\u0161\u00ed (p\u0159\u00edplatek) 1&nbsp;kolo + 200K\u010d<\/span><br \/>\n<span style=\"font-size: 18px;\">Z\u00e1va\u017e\u00ed p\u0159es 100g u&nbsp;sady 1&nbsp;gram - 1&nbsp;K\u010d<\/span><br \/>\n<span style=\"font-size: 18px;\">Uskladn\u011bn\u00ed pneumatik na&nbsp;sez\u00f3nu <\/span><span style=\"font-size: 18px;\">sada - 800&nbsp;K\u010d<\/span><\/p>\n<p><span style=\"font-size: 18px;\">Oprava defektu :<\/span><br \/>\n<span style=\"font-size: 18px;\">Knot - 300&nbsp;K\u010d<\/span><br \/>\n<span style=\"font-size: 18px;\">Z\u00e1plata - 250&nbsp;K\u010d + 1\/4&nbsp;ceny p\u0159ezut\u00ed<\/span><br \/>\n<span style=\"font-size: 18px;\">H\u0159\u00edbek - 400K\u010d + 1\/4&nbsp;ceny p\u0159ezut\u00ed<\/span><\/p>\n<h3><span style=\"font-size: 18px;\">Zm\u011bna&nbsp;cen vyhrazena.<\/span><\/h3>\n<\/div>\n<\/div><\/div><\/div><\/div><\/div><\/div><\/div>","protected":false},"excerpt":{"rendered":"<p>Nen\u00ed-li uvedeno jinak, ceny jsou v\u010detn\u011b DPH Z\u00e1kladn\u00ed hodinov\u00e1 sazba mechanick\u00fdch prac\u00ed &#8211; 1\u00a0290\u00a0K\u010d Expresn\u00ed hodinov\u00e1 sazba mechanick\u00fdch prac\u00ed &#8211; 1\u00a0490\u00a0K\u010d Hodinov\u00e1 sazba specializovan\u00fdch prac\u00ed &#8211; 1\u00a0490\u00a0K\u010d Zaps\u00e1n\u00ed proveden\u00e9ho servisu do\u00a0vozu &#8211; 450\u00a0K\u010d Na\u010dten\u00ed a\u00a0smaz\u00e1n\u00ed chyb vozu &#8211; 290\u00a0K\u010d Diagnostika pomoci PC \u2013 offline \u2013 v\u010detn\u011b anal\u00fdzy probl\u00e9m\u016f &#8211; 1\u00a0490\u00a0K\u010d Hodinov\u00e1 sazba paraleln\u00ed diagnostiky (nap\u0159. [&hellip;]<\/p>\n","protected":false},"author":1,"featured_media":0,"parent":0,"menu_order":0,"comment_status":"closed","ping_status":"closed","template":"","meta":{"footnotes":""},"class_list":["post-1140","page","type-page","status-publish","czr-hentry"],"yoast_head":"<!-- This site is optimized with the Yoast SEO plugin v27.1.1 - https:\/\/yoast.com\/product\/yoast-seo-wordpress\/ -->\n<title>VEHIX - BMW servis Praha<\/title>\n<meta name=\"description\" content=\"Auto a pneu servis Praha 4, kompletn\u00ed prohl\u00eddka vozu, zaji\u0161t\u011bn\u00ed STK a geometrie. V\u00fdm\u011bny brzd a provozn\u00edch kapalin v\u010d. filtr\u016f. Kompletn\u00ed diagnostika vozu\" \/>\n<meta name=\"robots\" content=\"index, follow, max-snippet:-1, max-image-preview:large, max-video-preview:-1\" \/>\n<link rel=\"canonical\" href=\"https:\/\/vehix.cz\/en\/cenik\/\" \/>\n<meta property=\"og:locale\" content=\"en_US\" \/>\n<meta property=\"og:type\" content=\"article\" \/>\n<meta property=\"og:title\" content=\"VEHIX - BMW servis Praha\" \/>\n<meta property=\"og:description\" content=\"Auto a pneu servis Praha 4, kompletn\u00ed prohl\u00eddka vozu, zaji\u0161t\u011bn\u00ed STK a geometrie. V\u00fdm\u011bny brzd a provozn\u00edch kapalin v\u010d. filtr\u016f. Kompletn\u00ed diagnostika vozu\" \/>\n<meta property=\"og:url\" content=\"https:\/\/vehix.cz\/en\/cenik\/\" \/>\n<meta property=\"og:site_name\" content=\"Vehix\" \/>\n<meta property=\"article:publisher\" content=\"https:\/\/www.facebook.com\/vehixauto\/\" \/>\n<meta property=\"article:modified_time\" content=\"2026-03-25T20:01:34+00:00\" \/>\n<meta property=\"og:image\" content=\"https:\/\/vehix.cz\/wp-content\/uploads\/2020\/04\/03_cenik.png\" \/>\n\t<meta property=\"og:image:width\" content=\"1200\" \/>\n\t<meta property=\"og:image:height\" content=\"283\" \/>\n\t<meta property=\"og:image:type\" content=\"image\/png\" \/>\n<meta name=\"twitter:card\" content=\"summary_large_image\" \/>\n<meta name=\"twitter:label1\" content=\"Est. reading time\" \/>\n\t<meta name=\"twitter:data1\" content=\"2 minutes\" \/>\n<script type=\"application\/ld+json\" class=\"yoast-schema-graph\">{\"@context\":\"https:\/\/schema.org\",\"@graph\":[{\"@type\":\"WebPage\",\"@id\":\"https:\/\/vehix.cz\/en\/cenik\/\",\"url\":\"https:\/\/vehix.cz\/en\/cenik\/\",\"name\":\"VEHIX - BMW servis Praha\",\"isPartOf\":{\"@id\":\"https:\/\/vehix.cz\/en\/#website\"},\"primaryImageOfPage\":{\"@id\":\"https:\/\/vehix.cz\/en\/cenik\/#primaryimage\"},\"image\":{\"@id\":\"https:\/\/vehix.cz\/cenik\/#primaryimage\"},\"thumbnailUrl\":\"https:\/\/vehix.cz\/wp-content\/uploads\/2020\/04\/03_cenik-1024x241.png\",\"datePublished\":\"2026-03-25T17:52:47+00:00\",\"dateModified\":\"2026-03-25T20:01:34+00:00\",\"description\":\"Auto a pneu servis Praha 4, kompletn\u00ed prohl\u00eddka vozu, zaji\u0161t\u011bn\u00ed STK a geometrie. V\u00fdm\u011bny brzd a provozn\u00edch kapalin v\u010d. filtr\u016f. Kompletn\u00ed diagnostika vozu\",\"breadcrumb\":{\"@id\":\"https:\/\/vehix.cz\/en\/cenik\/#breadcrumb\"},\"inLanguage\":\"en-US\",\"potentialAction\":[{\"@type\":\"ReadAction\",\"target\":[[\"https:\/\/vehix.cz\/en\/cenik\/\"]]}]},{\"@type\":\"ImageObject\",\"inLanguage\":\"en-US\",\"@id\":\"https:\/\/vehix.cz\/en\/cenik\/#primaryimage\",\"url\":\"https:\/\/vehix.cz\/wp-content\/uploads\/2020\/04\/03_cenik-1024x241.png\",\"contentUrl\":\"https:\/\/vehix.cz\/wp-content\/uploads\/2020\/04\/03_cenik-1024x241.png\"},{\"@type\":\"BreadcrumbList\",\"@id\":\"https:\/\/vehix.cz\/en\/cenik\/#breadcrumb\",\"itemListElement\":[{\"@type\":\"ListItem\",\"position\":1,\"name\":\"Dom\u016f\",\"item\":\"https:\/\/vehix.cz\/en\/\"},{\"@type\":\"ListItem\",\"position\":2,\"name\":\"Cen\u00edk\"}]},{\"@type\":\"WebSite\",\"@id\":\"https:\/\/vehix.cz\/en\/#website\",\"url\":\"https:\/\/vehix.cz\/en\/\",\"name\":\"Vehix\",\"description\":\"+420 739 299 662,  U Michelsk\u00e9ho lesa 1267, Praha 4\",\"potentialAction\":[{\"@type\":\"SearchAction\",\"target\":{\"@type\":\"EntryPoint\",\"urlTemplate\":\"https:\/\/vehix.cz\/en\/?s={search_term_string}\"},\"query-input\":{\"@type\":\"PropertyValueSpecification\",\"valueRequired\":true,\"valueName\":\"search_term_string\"}}],\"inLanguage\":\"en-US\"}]}<\/script>\n<!-- \/ Yoast SEO plugin. -->","yoast_head_json":{"title":"VEHIX - BMW servis Praha","description":"Auto a pneu servis Praha 4, kompletn\u00ed prohl\u00eddka vozu, zaji\u0161t\u011bn\u00ed STK a geometrie. V\u00fdm\u011bny brzd a provozn\u00edch kapalin v\u010d. filtr\u016f. Kompletn\u00ed diagnostika vozu","robots":{"index":"index","follow":"follow","max-snippet":"max-snippet:-1","max-image-preview":"max-image-preview:large","max-video-preview":"max-video-preview:-1"},"canonical":"https:\/\/vehix.cz\/en\/cenik\/","og_locale":"en_US","og_type":"article","og_title":"VEHIX - BMW servis Praha","og_description":"Auto a pneu servis Praha 4, kompletn\u00ed prohl\u00eddka vozu, zaji\u0161t\u011bn\u00ed STK a geometrie. V\u00fdm\u011bny brzd a provozn\u00edch kapalin v\u010d. filtr\u016f. Kompletn\u00ed diagnostika vozu","og_url":"https:\/\/vehix.cz\/en\/cenik\/","og_site_name":"Vehix","article_publisher":"https:\/\/www.facebook.com\/vehixauto\/","article_modified_time":"2026-03-25T20:01:34+00:00","og_image":[{"width":1200,"height":283,"url":"https:\/\/vehix.cz\/wp-content\/uploads\/2020\/04\/03_cenik.png","type":"image\/png"}],"twitter_card":"summary_large_image","twitter_misc":{"Est. reading time":"2 minutes"},"schema":{"@context":"https:\/\/schema.org","@graph":[{"@type":"WebPage","@id":"https:\/\/vehix.cz\/en\/cenik\/","url":"https:\/\/vehix.cz\/en\/cenik\/","name":"VEHIX - BMW servis Praha","isPartOf":{"@id":"https:\/\/vehix.cz\/en\/#website"},"primaryImageOfPage":{"@id":"https:\/\/vehix.cz\/en\/cenik\/#primaryimage"},"image":{"@id":"https:\/\/vehix.cz\/cenik\/#primaryimage"},"thumbnailUrl":"https:\/\/vehix.cz\/wp-content\/uploads\/2020\/04\/03_cenik-1024x241.png","datePublished":"2026-03-25T17:52:47+00:00","dateModified":"2026-03-25T20:01:34+00:00","description":"Auto a pneu servis Praha 4, kompletn\u00ed prohl\u00eddka vozu, zaji\u0161t\u011bn\u00ed STK a geometrie. V\u00fdm\u011bny brzd a provozn\u00edch kapalin v\u010d. filtr\u016f. Kompletn\u00ed diagnostika vozu","breadcrumb":{"@id":"https:\/\/vehix.cz\/en\/cenik\/#breadcrumb"},"inLanguage":"en-US","potentialAction":[{"@type":"ReadAction","target":[["https:\/\/vehix.cz\/en\/cenik\/"]]}]},{"@type":"ImageObject","inLanguage":"en-US","@id":"https:\/\/vehix.cz\/en\/cenik\/#primaryimage","url":"https:\/\/vehix.cz\/wp-content\/uploads\/2020\/04\/03_cenik-1024x241.png","contentUrl":"https:\/\/vehix.cz\/wp-content\/uploads\/2020\/04\/03_cenik-1024x241.png"},{"@type":"BreadcrumbList","@id":"https:\/\/vehix.cz\/en\/cenik\/#breadcrumb","itemListElement":[{"@type":"ListItem","position":1,"name":"Dom\u016f","item":"https:\/\/vehix.cz\/en\/"},{"@type":"ListItem","position":2,"name":"Cen\u00edk"}]},{"@type":"WebSite","@id":"https:\/\/vehix.cz\/en\/#website","url":"https:\/\/vehix.cz\/en\/","name":"Vehix","description":"+420 739 299 662,  U Michelsk\u00e9ho lesa 1267, Praha 4","potentialAction":[{"@type":"SearchAction","target":{"@type":"EntryPoint","urlTemplate":"https:\/\/vehix.cz\/en\/?s={search_term_string}"},"query-input":{"@type":"PropertyValueSpecification","valueRequired":true,"valueName":"search_term_string"}}],"inLanguage":"en-US"}]}},"_links":{"self":[{"href":"https:\/\/vehix.cz\/en\/wp-json\/wp\/v2\/pages\/1140","targetHints":{"allow":["GET"]}}],"collection":[{"href":"https:\/\/vehix.cz\/en\/wp-json\/wp\/v2\/pages"}],"about":[{"href":"https:\/\/vehix.cz\/en\/wp-json\/wp\/v2\/types\/page"}],"author":[{"embeddable":true,"href":"https:\/\/vehix.cz\/en\/wp-json\/wp\/v2\/users\/1"}],"replies":[{"embeddable":true,"href":"https:\/\/vehix.cz\/en\/wp-json\/wp\/v2\/comments?post=1140"}],"version-history":[{"count":24,"href":"https:\/\/vehix.cz\/en\/wp-json\/wp\/v2\/pages\/1140\/revisions"}],"predecessor-version":[{"id":1175,"href":"https:\/\/vehix.cz\/en\/wp-json\/wp\/v2\/pages\/1140\/revisions\/1175"}],"wp:attachment":[{"href":"https:\/\/vehix.cz\/en\/wp-json\/wp\/v2\/media?parent=1140"}],"curies":[{"name":"wp","href":"https:\/\/api.w.org\/{rel}","templated":true}]}}