{"id":1049,"date":"2022-07-17T15:23:34","date_gmt":"2022-07-17T14:23:34","guid":{"rendered":"http:\/\/www.vehix.cz\/?page_id=1049"},"modified":"2022-07-18T14:14:42","modified_gmt":"2022-07-18T13:14:42","slug":"vymena-rozvodu","status":"publish","type":"page","link":"https:\/\/vehix.cz\/en\/vymena-rozvodu\/","title":{"rendered":"V\u00fdm\u011bna rozvod\u016f"},"content":{"rendered":"<div id=\"pl-1049\"  class=\"panel-layout\" ><div id=\"pg-1049-0\"  class=\"panel-grid panel-no-style\" ><div id=\"pgc-1049-0-0\"  class=\"panel-grid-cell\" ><div id=\"panel-1049-0-0-0\" class=\"so-panel widget widget_sow-editor panel-first-child panel-last-child\" data-index=\"0\" ><div\n\t\t\t\n\t\t\tclass=\"so-widget-sow-editor so-widget-sow-editor-base\"\n\t\t\t\n\t\t><h3 class=\"widget-title\">V\u00fdm\u011bna rozvod\u016f<\/h3>\n<div class=\"siteorigin-widget-tinymce textwidget\">\n\t<p><span style=\"font-family: Exo;\">Pot\u0159ebujete vym\u011bnit rozvody?\u00a0P\u0159ije\u010fte k n\u00e1m do Vehixu!<\/span><\/p>\n<p><span style=\"font-family: Exo;\">Na\u0161i zku\u0161en\u00ed mechanici se postaraj\u00ed o profesion\u00e1ln\u00ed v\u00fdm\u011bnu rozvodov\u00fdch \u0159emen\u016f a \u0159et\u011bz\u016f.<\/span><\/p>\n<p><span style=\"font-family: Exo;\">V\u00fdm\u011bnu rozvod\u016f se rozhodn\u011b nevyplat\u00ed zanedb\u00e1vat, proto\u017ee jinak m\u016f\u017ee doj\u00edt k v\u00fdrazn\u00e9mu po\u0161kozen\u00ed motoru. Rozvody se obvykle m\u011bn\u00ed v intervalu od 60 000 km do 150 000 km (konkr\u00e9tn\u00ed interval se odli\u0161uje dle\u00a0zna\u010dky a typu vozidla).<\/span><\/p>\n<p><span style=\"font-family: Exo;\">Pro v\u00edce informac\u00ed n\u00e1s nev\u00e1hejte kontaktovat.<\/span><\/p>\n<p>&nbsp;<\/p>\n<\/div>\n<\/div><\/div><\/div><\/div><div id=\"pg-1049-1\"  class=\"panel-grid panel-no-style\" ><div id=\"pgc-1049-1-0\"  class=\"panel-grid-cell\" ><div id=\"panel-1049-1-0-0\" class=\"so-panel widget widget_sow-contact-form panel-first-child panel-last-child\" data-index=\"1\" ><div\n\t\t\t\n\t\t\tclass=\"so-widget-sow-contact-form so-widget-sow-contact-form-default-6a5e98eff10e-1049\"\n\t\t\t\n\t\t><h3 class=\"widget-title\">NAPI\u0160TE N\u00c1M<\/h3>\t<form\n\t\taction=\"\/en\/wp-json\/wp\/v2\/pages\/1049\"\n\t\tmethod=\"POST\"\n\t\tclass=\"sow-contact-form\"\n\t\tid=\"contact-form-818b\"\n\t>\n\n\t\t\n\t\t\t\t\t<div class=\"sow-form-field sow-form-field-name\">\n\t\t\t\t<label class=\"sow-form-field-label-above\" for=\"sow-contact-form-field-jmeno-a-prijmeni-1\">\n\t\t\t\t<strong>\n\t\t\t\t\tJm\u00e9no a p\u0159\u00edjmen\u00ed\t\t\t\t\t\t\t\t\t<\/strong>\n\t\t\t<\/label>\n\t\t\t\t\t\t\t<div class=\"sow-field-container\">\n\t\t\t\t\t\t\t<input\n\t\t\ttype=\"text\"\n\t\t\tname=\"jmeno-a-prijmeni-1\"\n\t\t\tid=\"sow-contact-form-field-jmeno-a-prijmeni-1\"\n\t\t\tvalue=\"\"\n\t\t\tclass=\"sow-text-field\"\n\t\t\t\t\t\t\t\t\/>\n\t\t\t\t\t\t<\/div>\n\t\t\t\t\t\t\t<\/div>\n\t\t\t\t\t\t<div class=\"sow-form-field sow-form-field-email\">\n\t\t\t\t<label class=\"sow-form-field-label-above\" for=\"sow-contact-form-field-vas-email-1\">\n\t\t\t\t<strong>\n\t\t\t\t\tV\u00e1\u0161 Email\t\t\t\t\t\t\t\t\t<\/strong>\n\t\t\t<\/label>\n\t\t\t\t\t\t\t<div class=\"sow-field-container\">\n\t\t\t\t\t\t\t<input\n\t\t\ttype=\"email\"\n\t\t\tname=\"vas-email-1\"\n\t\t\tid=\"sow-contact-form-field-vas-email-1\"\n\t\t\tvalue=\"\"\n\t\t\tclass=\"sow-text-field\"\t\t\t\t\t\t\t\t\/>\n\t\t\t\t\t\t<\/div>\n\t\t\t\t\t\t\t<\/div>\n\t\t\t\t\t\t<div class=\"sow-form-field sow-form-field-textarea\">\n\t\t\t\t<label class=\"sow-form-field-label-above\" for=\"sow-contact-form-field-zprava-1\">\n\t\t\t\t<strong>\n\t\t\t\t\tZpr\u00e1va\t\t\t\t\t\t\t\t\t<\/strong>\n\t\t\t<\/label>\n\t\t\t\t\t\t\t<div class=\"sow-field-container\">\n\t\t\t\t\t\t\t<textarea\n\t\t\tname=\"zprava-1\"\n\t\t\tid=\"sow-contact-form-field-zprava-1\"\n\t\t\trows=\"10\"\n\t\t\t\t\t\t\t\t><\/textarea>\n\t\t\t\t\t\t<\/div>\n\t\t\t\t\t\t\t<\/div>\n\t\t\t\n\t\t\n\t\t<div class=\"sow-submit-wrapper \n\t\tsow-submit-styled\t\t\">\n\n\t\t\t<button\n\t\t\t\ttype=\"submit\"\n\t\t\t\tclass=\"sow-submit\n\t\t\t\t\t\t\t\t\"\n\t\t\t\t\t\t\t>\n\t\t\t\tOdeslat\t\t\t<\/button>\n\t\t<\/div>\n\t\t\t\t<input\n\t\t\ttype=\"hidden\"\n\t\t\tname=\"instance_hash-1\"\n\t\t\tvalue=\"818bb62a\"\n\t\t\/>\n\n\t\t<input type=\"hidden\" id=\"_wpnonce\" name=\"_wpnonce\" value=\"7d923986d2\" \/><input type=\"hidden\" name=\"_wp_http_referer\" value=\"\/en\/wp-json\/wp\/v2\/pages\/1049\" \/>\t<\/form>\n\t<\/div><\/div><\/div><div id=\"pgc-1049-1-1\"  class=\"panel-grid-cell\" ><div id=\"panel-1049-1-1-0\" class=\"so-panel widget widget_sow-editor panel-first-child panel-last-child\" data-index=\"2\" ><div class=\"panel-widget-style panel-widget-style-for-1049-1-1-0\" ><div\n\t\t\t\n\t\t\tclass=\"so-widget-sow-editor so-widget-sow-editor-base\"\n\t\t\t\n\t\t>\n<div class=\"siteorigin-widget-tinymce textwidget\">\n\t<p style=\"text-align: center;\"><span style=\"font-family: Exo;\"><span style=\"font-size: 18pt;\"><strong>Provozovna:<br \/>\n<\/strong><span style=\"font-size: 14pt;\">U<\/span><\/span><span style=\"font-size: 14pt;\"> Michelsk\u00e9ho Lesa 1267<\/span><\/span><br \/>\n<span style=\"font-size: 14pt; font-family: Exo;\">140 00 Praha 4 - Kr\u010d<\/span><br \/>\n<span style=\"font-family: Exo;\"><span style=\"font-size: 14pt;\">Telefon - servis: +420 739 299 662<br \/>\n<\/span><span style=\"font-size: 14pt;\">E-mail - servis@vehix.cz<\/span><\/span><\/p>\n<p style=\"text-align: center;\"><span style=\"font-size: 14pt; font-family: Exo;\"><strong>Otev\u00edrac\u00ed doba :<br \/>\n<\/strong>Po - P\u00e1 \u00a0\u00a0 9:00 - 17:00<\/span><\/p>\n<p style=\"text-align: center;\"><span style=\"font-size: 14pt; font-family: Exo;\"><em>po domluv\u011b<\/em><\/span><br \/>\n<span style=\"font-size: 14pt; font-family: Exo;\"> <em>Po - P\u00e1 \u00a0\u00a0 8:00 - 18:00<\/em><\/span><\/p>\n<p style=\"text-align: center;\"><span style=\"font-family: Exo;\"><strong><span style=\"font-size: 18pt;\"><br \/>\nS\u00eddlo firmy:<\/span><br \/>\n<\/strong><span style=\"font-size: 14pt;\">V Str\u00e1ni 415\/3<\/span><\/span><br \/>\n<span style=\"font-size: 14pt; font-family: Exo;\">150 00 Praha 5<\/span><\/p>\n<p style=\"text-align: center;\"><span style=\"font-size: 14pt; font-family: Exo;\">I\u010c: 01430734<\/span><br \/>\n<span style=\"font-size: 14pt; font-family: Exo;\">DI\u010c: 01430734<\/span><\/p>\n<\/div>\n<\/div><\/div><\/div><\/div><\/div><\/div>","protected":false},"excerpt":{"rendered":"<p>Pot\u0159ebujete vym\u011bnit rozvody?\u00a0P\u0159ije\u010fte k n\u00e1m do Vehixu! Na\u0161i zku\u0161en\u00ed mechanici se postaraj\u00ed o profesion\u00e1ln\u00ed v\u00fdm\u011bnu rozvodov\u00fdch \u0159emen\u016f a \u0159et\u011bz\u016f. V\u00fdm\u011bnu rozvod\u016f se rozhodn\u011b nevyplat\u00ed zanedb\u00e1vat, proto\u017ee jinak m\u016f\u017ee doj\u00edt k v\u00fdrazn\u00e9mu po\u0161kozen\u00ed motoru. Rozvody se obvykle m\u011bn\u00ed v intervalu od 60 000 km do 150 000 km (konkr\u00e9tn\u00ed interval se odli\u0161uje dle\u00a0zna\u010dky a typu vozidla). [&hellip;]<\/p>\n","protected":false},"author":1,"featured_media":0,"parent":0,"menu_order":0,"comment_status":"closed","ping_status":"closed","template":"","meta":{"footnotes":""},"class_list":["post-1049","page","type-page","status-publish","czr-hentry"],"yoast_head":"<!-- This site is optimized with the Yoast SEO plugin v27.1.1 - https:\/\/yoast.com\/product\/yoast-seo-wordpress\/ -->\n<title>V\u00fdm\u011bna rozvod\u016f - Vehix<\/title>\n<meta name=\"robots\" content=\"index, follow, max-snippet:-1, max-image-preview:large, max-video-preview:-1\" \/>\n<link rel=\"canonical\" href=\"https:\/\/vehix.cz\/en\/vymena-rozvodu\/\" \/>\n<meta property=\"og:locale\" content=\"en_US\" \/>\n<meta property=\"og:type\" content=\"article\" \/>\n<meta property=\"og:title\" content=\"V\u00fdm\u011bna rozvod\u016f - Vehix\" \/>\n<meta property=\"og:description\" content=\"Pot\u0159ebujete vym\u011bnit rozvody?\u00a0P\u0159ije\u010fte k n\u00e1m do Vehixu! Na\u0161i zku\u0161en\u00ed mechanici se postaraj\u00ed o profesion\u00e1ln\u00ed v\u00fdm\u011bnu rozvodov\u00fdch \u0159emen\u016f a \u0159et\u011bz\u016f. V\u00fdm\u011bnu rozvod\u016f se rozhodn\u011b nevyplat\u00ed zanedb\u00e1vat, proto\u017ee jinak m\u016f\u017ee doj\u00edt k v\u00fdrazn\u00e9mu po\u0161kozen\u00ed motoru. Rozvody se obvykle m\u011bn\u00ed v intervalu od 60 000 km do 150 000 km (konkr\u00e9tn\u00ed interval se odli\u0161uje dle\u00a0zna\u010dky a typu vozidla). [&hellip;]\" \/>\n<meta property=\"og:url\" content=\"https:\/\/vehix.cz\/en\/vymena-rozvodu\/\" \/>\n<meta property=\"og:site_name\" content=\"Vehix\" \/>\n<meta property=\"article:publisher\" content=\"https:\/\/www.facebook.com\/vehixauto\/\" \/>\n<meta property=\"article:modified_time\" content=\"2022-07-18T13:14:42+00:00\" \/>\n<meta name=\"twitter:card\" content=\"summary_large_image\" \/>\n<meta name=\"twitter:label1\" content=\"Est. reading time\" \/>\n\t<meta name=\"twitter:data1\" content=\"1 minute\" \/>\n<script type=\"application\/ld+json\" class=\"yoast-schema-graph\">{\"@context\":\"https:\/\/schema.org\",\"@graph\":[{\"@type\":\"WebPage\",\"@id\":\"https:\/\/vehix.cz\/en\/vymena-rozvodu\/\",\"url\":\"https:\/\/vehix.cz\/en\/vymena-rozvodu\/\",\"name\":\"V\u00fdm\u011bna rozvod\u016f - Vehix\",\"isPartOf\":{\"@id\":\"https:\/\/vehix.cz\/en\/#website\"},\"datePublished\":\"2022-07-17T14:23:34+00:00\",\"dateModified\":\"2022-07-18T13:14:42+00:00\",\"breadcrumb\":{\"@id\":\"https:\/\/vehix.cz\/en\/vymena-rozvodu\/#breadcrumb\"},\"inLanguage\":\"en-US\",\"potentialAction\":[{\"@type\":\"ReadAction\",\"target\":[[\"https:\/\/vehix.cz\/en\/vymena-rozvodu\/\"]]}]},{\"@type\":\"BreadcrumbList\",\"@id\":\"https:\/\/vehix.cz\/en\/vymena-rozvodu\/#breadcrumb\",\"itemListElement\":[{\"@type\":\"ListItem\",\"position\":1,\"name\":\"Dom\u016f\",\"item\":\"https:\/\/vehix.cz\/en\/\"},{\"@type\":\"ListItem\",\"position\":2,\"name\":\"V\u00fdm\u011bna rozvod\u016f\"}]},{\"@type\":\"WebSite\",\"@id\":\"https:\/\/vehix.cz\/en\/#website\",\"url\":\"https:\/\/vehix.cz\/en\/\",\"name\":\"Vehix\",\"description\":\"+420 739 299 662,  U Michelsk\u00e9ho lesa 1267, Praha 4\",\"potentialAction\":[{\"@type\":\"SearchAction\",\"target\":{\"@type\":\"EntryPoint\",\"urlTemplate\":\"https:\/\/vehix.cz\/en\/?s={search_term_string}\"},\"query-input\":{\"@type\":\"PropertyValueSpecification\",\"valueRequired\":true,\"valueName\":\"search_term_string\"}}],\"inLanguage\":\"en-US\"}]}<\/script>\n<!-- \/ Yoast SEO plugin. -->","yoast_head_json":{"title":"V\u00fdm\u011bna rozvod\u016f - Vehix","robots":{"index":"index","follow":"follow","max-snippet":"max-snippet:-1","max-image-preview":"max-image-preview:large","max-video-preview":"max-video-preview:-1"},"canonical":"https:\/\/vehix.cz\/en\/vymena-rozvodu\/","og_locale":"en_US","og_type":"article","og_title":"V\u00fdm\u011bna rozvod\u016f - Vehix","og_description":"Pot\u0159ebujete vym\u011bnit rozvody?\u00a0P\u0159ije\u010fte k n\u00e1m do Vehixu! Na\u0161i zku\u0161en\u00ed mechanici se postaraj\u00ed o profesion\u00e1ln\u00ed v\u00fdm\u011bnu rozvodov\u00fdch \u0159emen\u016f a \u0159et\u011bz\u016f. V\u00fdm\u011bnu rozvod\u016f se rozhodn\u011b nevyplat\u00ed zanedb\u00e1vat, proto\u017ee jinak m\u016f\u017ee doj\u00edt k v\u00fdrazn\u00e9mu po\u0161kozen\u00ed motoru. Rozvody se obvykle m\u011bn\u00ed v intervalu od 60 000 km do 150 000 km (konkr\u00e9tn\u00ed interval se odli\u0161uje dle\u00a0zna\u010dky a typu vozidla). [&hellip;]","og_url":"https:\/\/vehix.cz\/en\/vymena-rozvodu\/","og_site_name":"Vehix","article_publisher":"https:\/\/www.facebook.com\/vehixauto\/","article_modified_time":"2022-07-18T13:14:42+00:00","twitter_card":"summary_large_image","twitter_misc":{"Est. reading time":"1 minute"},"schema":{"@context":"https:\/\/schema.org","@graph":[{"@type":"WebPage","@id":"https:\/\/vehix.cz\/en\/vymena-rozvodu\/","url":"https:\/\/vehix.cz\/en\/vymena-rozvodu\/","name":"V\u00fdm\u011bna rozvod\u016f - Vehix","isPartOf":{"@id":"https:\/\/vehix.cz\/en\/#website"},"datePublished":"2022-07-17T14:23:34+00:00","dateModified":"2022-07-18T13:14:42+00:00","breadcrumb":{"@id":"https:\/\/vehix.cz\/en\/vymena-rozvodu\/#breadcrumb"},"inLanguage":"en-US","potentialAction":[{"@type":"ReadAction","target":[["https:\/\/vehix.cz\/en\/vymena-rozvodu\/"]]}]},{"@type":"BreadcrumbList","@id":"https:\/\/vehix.cz\/en\/vymena-rozvodu\/#breadcrumb","itemListElement":[{"@type":"ListItem","position":1,"name":"Dom\u016f","item":"https:\/\/vehix.cz\/en\/"},{"@type":"ListItem","position":2,"name":"V\u00fdm\u011bna rozvod\u016f"}]},{"@type":"WebSite","@id":"https:\/\/vehix.cz\/en\/#website","url":"https:\/\/vehix.cz\/en\/","name":"Vehix","description":"+420 739 299 662,  U Michelsk\u00e9ho lesa 1267, Praha 4","potentialAction":[{"@type":"SearchAction","target":{"@type":"EntryPoint","urlTemplate":"https:\/\/vehix.cz\/en\/?s={search_term_string}"},"query-input":{"@type":"PropertyValueSpecification","valueRequired":true,"valueName":"search_term_string"}}],"inLanguage":"en-US"}]}},"_links":{"self":[{"href":"https:\/\/vehix.cz\/en\/wp-json\/wp\/v2\/pages\/1049","targetHints":{"allow":["GET"]}}],"collection":[{"href":"https:\/\/vehix.cz\/en\/wp-json\/wp\/v2\/pages"}],"about":[{"href":"https:\/\/vehix.cz\/en\/wp-json\/wp\/v2\/types\/page"}],"author":[{"embeddable":true,"href":"https:\/\/vehix.cz\/en\/wp-json\/wp\/v2\/users\/1"}],"replies":[{"embeddable":true,"href":"https:\/\/vehix.cz\/en\/wp-json\/wp\/v2\/comments?post=1049"}],"version-history":[{"count":4,"href":"https:\/\/vehix.cz\/en\/wp-json\/wp\/v2\/pages\/1049\/revisions"}],"predecessor-version":[{"id":1060,"href":"https:\/\/vehix.cz\/en\/wp-json\/wp\/v2\/pages\/1049\/revisions\/1060"}],"wp:attachment":[{"href":"https:\/\/vehix.cz\/en\/wp-json\/wp\/v2\/media?parent=1049"}],"curies":[{"name":"wp","href":"https:\/\/api.w.org\/{rel}","templated":true}]}}