{"id":1023,"date":"2022-07-17T14:33:22","date_gmt":"2022-07-17T13:33:22","guid":{"rendered":"http:\/\/www.vehix.cz\/?page_id=1023"},"modified":"2026-03-09T15:24:09","modified_gmt":"2026-03-09T14:24:09","slug":"vymenakapalin","status":"publish","type":"page","link":"https:\/\/vehix.cz\/en\/vymenakapalin\/","title":{"rendered":"Kapaliny"},"content":{"rendered":"<div id=\"pl-1023\"  class=\"panel-layout\" ><div id=\"pg-1023-0\"  class=\"panel-grid panel-no-style\" ><div id=\"pgc-1023-0-0\"  class=\"panel-grid-cell\" ><div id=\"panel-1023-0-0-0\" class=\"so-panel widget widget_sow-editor panel-first-child panel-last-child\" data-index=\"0\" ><div\n\t\t\t\n\t\t\tclass=\"so-widget-sow-editor so-widget-sow-editor-base\"\n\t\t\t\n\t\t>\n<div class=\"siteorigin-widget-tinymce textwidget\">\n\t<p><span style=\"font-family: Exo;\"><img loading=\"lazy\" decoding=\"async\" class=\"alignnone wp-image-764 size-full\" src=\"http:\/\/www.vehix.cz\/wp-content\/uploads\/2020\/04\/kapaliny.png\" alt=\"\" width=\"613\" height=\"113\" srcset=\"https:\/\/vehix.cz\/wp-content\/uploads\/2020\/04\/kapaliny.png 613w, https:\/\/vehix.cz\/wp-content\/uploads\/2020\/04\/kapaliny-300x55.png 300w, https:\/\/vehix.cz\/wp-content\/uploads\/2020\/04\/kapaliny-24x4.png 24w, https:\/\/vehix.cz\/wp-content\/uploads\/2020\/04\/kapaliny-36x7.png 36w, https:\/\/vehix.cz\/wp-content\/uploads\/2020\/04\/kapaliny-48x9.png 48w\" sizes=\"auto, (max-width: 613px) 100vw, 613px\" \/><\/span><\/p>\n<p><span style=\"font-family: Exo;\">Nab\u00edz\u00edme kontrolu a v\u00fdm\u011bnu brzdov\u00e9 kapaliny speci\u00e1ln\u00edm za\u0159\u00edzen\u00edm. Db\u00e1me na kontkr\u00e9tn\u00ed specifikace oleje dan\u00fd v\u00fdrobcem. A\u0165 u\u017e se jedn\u00e1 o hydraulick\u00e9 kapaliny nebo o oleje do p\u0159evodovek \u010di motor\u016f. <\/span><\/p>\n<p><span style=\"font-family: Exo;\">Poskytujeme samoz\u0159ejm\u011b i v\u00fdm\u011bnu oleje v manu\u00e1ln\u00ed \u010di automatick\u00e9 p\u0159evodovce a d\u00e1le v\u00fdm\u011bnu oleje v diferenci\u00e1lu.<\/span><\/p>\n<p><span style=\"font-family: Exo;\">Proces v\u00fdm\u011bny oleje v automatick\u00e9 p\u0159evodovce nen\u00ed tak jednoduch\u00fd, jak se zd\u00e1. Je nutn\u00e9 v\u0161e m\u00edt pod kontrolou dignostiky a prov\u00e1d\u00ed se postupem dan\u00fd automobilkou v\u010detn\u011b spr\u00e1vn\u00fdch teplot. Tento \u00fakon je u n\u00e1s prov\u00e1d\u011bn pe\u010dliv\u011b a s dodr\u017een\u00edm \u0159\u00e1dn\u00e9ho postupu.<\/span><\/p>\n<p><span style=\"font-family: Exo;\">Pro v\u00edce informac\u00ed n\u00e1s nev\u00e1hejte kontaktovat.<\/span><\/p>\n<p>&nbsp;<\/p>\n<\/div>\n<\/div><\/div><\/div><\/div><div id=\"pg-1023-1\"  class=\"panel-grid panel-no-style\" ><div id=\"pgc-1023-1-0\"  class=\"panel-grid-cell\" ><div id=\"panel-1023-1-0-0\" class=\"so-panel widget widget_sow-editor panel-first-child panel-last-child\" data-index=\"1\" ><div class=\"panel-widget-style panel-widget-style-for-1023-1-0-0\" ><div\n\t\t\t\n\t\t\tclass=\"so-widget-sow-editor so-widget-sow-editor-base\"\n\t\t\t\n\t\t>\n<div class=\"siteorigin-widget-tinymce textwidget\">\n\t<p style=\"text-align: center;\"><span style=\"font-family: Exo;\"><span style=\"font-size: 18pt;\"><strong>Provozovna:<br \/>\n<\/strong><span style=\"font-size: 14pt;\">U<\/span><\/span><span style=\"font-size: 14pt;\"> Michelsk\u00e9ho Lesa 1267<\/span><\/span><br \/>\n<span style=\"font-size: 14pt; font-family: Exo;\">140 00 Praha 4 - Kr\u010d<\/span><br \/>\n<span style=\"font-family: Exo;\"><span style=\"font-size: 14pt;\">Telefon - servis: +420 739 299 662<br \/>\n<\/span><span style=\"font-size: 14pt;\">E-mail - servis@vehix.cz<\/span><\/span><\/p>\n<p style=\"text-align: center;\"><span style=\"font-size: 14pt; font-family: Exo;\"><strong>Otev\u00edrac\u00ed doba :<br \/>\n<\/strong>Po - P\u00e1 \u00a0\u00a0 9:00 - 17:00<\/span><\/p>\n<p style=\"text-align: center;\"><span style=\"font-size: 14pt; font-family: Exo;\"><em>po domluv\u011b<\/em><\/span><br \/>\n<span style=\"font-size: 14pt; font-family: Exo;\"> <em>Po - P\u00e1 \u00a0\u00a0 8:00 - 18:00<\/em><\/span><\/p>\n<p style=\"text-align: center;\"><span style=\"font-family: Exo;\"><strong><span style=\"font-size: 18pt;\"><br \/>\nS\u00eddlo firmy:<\/span><br \/>\n<\/strong><span style=\"font-size: 14pt;\">V Str\u00e1ni 415\/3<\/span><\/span><br \/>\n<span style=\"font-size: 14pt; font-family: Exo;\">150 00 Praha 5<\/span><\/p>\n<p style=\"text-align: center;\"><span style=\"font-size: 14pt; font-family: Exo;\">I\u010c: 01430734<\/span><br \/>\n<span style=\"font-size: 14pt; font-family: Exo;\">DI\u010c: 01430734<\/span><\/p>\n<\/div>\n<\/div><\/div><\/div><\/div><\/div><\/div>","protected":false},"excerpt":{"rendered":"<p>Nab\u00edz\u00edme kontrolu a v\u00fdm\u011bnu brzdov\u00e9 kapaliny speci\u00e1ln\u00edm za\u0159\u00edzen\u00edm. Db\u00e1me na kontkr\u00e9tn\u00ed specifikace oleje dan\u00fd v\u00fdrobcem. A\u0165 u\u017e se jedn\u00e1 o hydraulick\u00e9 kapaliny nebo o oleje do p\u0159evodovek \u010di motor\u016f. Poskytujeme samoz\u0159ejm\u011b i v\u00fdm\u011bnu oleje v manu\u00e1ln\u00ed \u010di automatick\u00e9 p\u0159evodovce a d\u00e1le v\u00fdm\u011bnu oleje v diferenci\u00e1lu. Proces v\u00fdm\u011bny oleje v automatick\u00e9 p\u0159evodovce nen\u00ed tak jednoduch\u00fd, jak [&hellip;]<\/p>\n","protected":false},"author":1,"featured_media":0,"parent":0,"menu_order":0,"comment_status":"closed","ping_status":"closed","template":"","meta":{"footnotes":""},"class_list":["post-1023","page","type-page","status-publish","czr-hentry"],"yoast_head":"<!-- This site is optimized with the Yoast SEO plugin v27.1.1 - https:\/\/yoast.com\/product\/yoast-seo-wordpress\/ -->\n<title>Kapaliny - Vehix<\/title>\n<meta name=\"robots\" content=\"index, follow, max-snippet:-1, max-image-preview:large, max-video-preview:-1\" \/>\n<link rel=\"canonical\" href=\"https:\/\/vehix.cz\/en\/vymenakapalin\/\" \/>\n<meta property=\"og:locale\" content=\"en_US\" \/>\n<meta property=\"og:type\" content=\"article\" \/>\n<meta property=\"og:title\" content=\"Kapaliny - Vehix\" \/>\n<meta property=\"og:description\" content=\"Nab\u00edz\u00edme kontrolu a v\u00fdm\u011bnu brzdov\u00e9 kapaliny speci\u00e1ln\u00edm za\u0159\u00edzen\u00edm. Db\u00e1me na kontkr\u00e9tn\u00ed specifikace oleje dan\u00fd v\u00fdrobcem. A\u0165 u\u017e se jedn\u00e1 o hydraulick\u00e9 kapaliny nebo o oleje do p\u0159evodovek \u010di motor\u016f. Poskytujeme samoz\u0159ejm\u011b i v\u00fdm\u011bnu oleje v manu\u00e1ln\u00ed \u010di automatick\u00e9 p\u0159evodovce a d\u00e1le v\u00fdm\u011bnu oleje v diferenci\u00e1lu. Proces v\u00fdm\u011bny oleje v automatick\u00e9 p\u0159evodovce nen\u00ed tak jednoduch\u00fd, jak [&hellip;]\" \/>\n<meta property=\"og:url\" content=\"https:\/\/vehix.cz\/en\/vymenakapalin\/\" \/>\n<meta property=\"og:site_name\" content=\"Vehix\" \/>\n<meta property=\"article:publisher\" content=\"https:\/\/www.facebook.com\/vehixauto\/\" \/>\n<meta property=\"article:modified_time\" content=\"2026-03-09T14:24:09+00:00\" \/>\n<meta property=\"og:image\" content=\"https:\/\/vehix.cz\/wp-content\/uploads\/2020\/04\/kapaliny.png\" \/>\n\t<meta property=\"og:image:width\" content=\"613\" \/>\n\t<meta property=\"og:image:height\" content=\"113\" \/>\n\t<meta property=\"og:image:type\" content=\"image\/png\" \/>\n<meta name=\"twitter:card\" content=\"summary_large_image\" \/>\n<meta name=\"twitter:label1\" content=\"Est. reading time\" \/>\n\t<meta name=\"twitter:data1\" content=\"1 minute\" \/>\n<script type=\"application\/ld+json\" class=\"yoast-schema-graph\">{\"@context\":\"https:\/\/schema.org\",\"@graph\":[{\"@type\":\"WebPage\",\"@id\":\"https:\/\/vehix.cz\/en\/vymenakapalin\/\",\"url\":\"https:\/\/vehix.cz\/en\/vymenakapalin\/\",\"name\":\"Kapaliny - Vehix\",\"isPartOf\":{\"@id\":\"https:\/\/vehix.cz\/en\/#website\"},\"primaryImageOfPage\":{\"@id\":\"https:\/\/vehix.cz\/en\/vymenakapalin\/#primaryimage\"},\"image\":{\"@id\":\"https:\/\/vehix.cz\/vymenakapalin\/#primaryimage\"},\"thumbnailUrl\":\"http:\/\/www.vehix.cz\/wp-content\/uploads\/2020\/04\/kapaliny.png\",\"datePublished\":\"2022-07-17T13:33:22+00:00\",\"dateModified\":\"2026-03-09T14:24:09+00:00\",\"breadcrumb\":{\"@id\":\"https:\/\/vehix.cz\/en\/vymenakapalin\/#breadcrumb\"},\"inLanguage\":\"en-US\",\"potentialAction\":[{\"@type\":\"ReadAction\",\"target\":[[\"https:\/\/vehix.cz\/en\/vymenakapalin\/\"]]}]},{\"@type\":\"ImageObject\",\"inLanguage\":\"en-US\",\"@id\":\"https:\/\/vehix.cz\/en\/vymenakapalin\/#primaryimage\",\"url\":\"http:\/\/www.vehix.cz\/wp-content\/uploads\/2020\/04\/kapaliny.png\",\"contentUrl\":\"http:\/\/www.vehix.cz\/wp-content\/uploads\/2020\/04\/kapaliny.png\"},{\"@type\":\"BreadcrumbList\",\"@id\":\"https:\/\/vehix.cz\/en\/vymenakapalin\/#breadcrumb\",\"itemListElement\":[{\"@type\":\"ListItem\",\"position\":1,\"name\":\"Dom\u016f\",\"item\":\"https:\/\/vehix.cz\/en\/\"},{\"@type\":\"ListItem\",\"position\":2,\"name\":\"Kapaliny\"}]},{\"@type\":\"WebSite\",\"@id\":\"https:\/\/vehix.cz\/en\/#website\",\"url\":\"https:\/\/vehix.cz\/en\/\",\"name\":\"Vehix\",\"description\":\"+420 739 299 662,  U Michelsk\u00e9ho lesa 1267, Praha 4\",\"potentialAction\":[{\"@type\":\"SearchAction\",\"target\":{\"@type\":\"EntryPoint\",\"urlTemplate\":\"https:\/\/vehix.cz\/en\/?s={search_term_string}\"},\"query-input\":{\"@type\":\"PropertyValueSpecification\",\"valueRequired\":true,\"valueName\":\"search_term_string\"}}],\"inLanguage\":\"en-US\"}]}<\/script>\n<!-- \/ Yoast SEO plugin. -->","yoast_head_json":{"title":"Kapaliny - Vehix","robots":{"index":"index","follow":"follow","max-snippet":"max-snippet:-1","max-image-preview":"max-image-preview:large","max-video-preview":"max-video-preview:-1"},"canonical":"https:\/\/vehix.cz\/en\/vymenakapalin\/","og_locale":"en_US","og_type":"article","og_title":"Kapaliny - Vehix","og_description":"Nab\u00edz\u00edme kontrolu a v\u00fdm\u011bnu brzdov\u00e9 kapaliny speci\u00e1ln\u00edm za\u0159\u00edzen\u00edm. Db\u00e1me na kontkr\u00e9tn\u00ed specifikace oleje dan\u00fd v\u00fdrobcem. A\u0165 u\u017e se jedn\u00e1 o hydraulick\u00e9 kapaliny nebo o oleje do p\u0159evodovek \u010di motor\u016f. Poskytujeme samoz\u0159ejm\u011b i v\u00fdm\u011bnu oleje v manu\u00e1ln\u00ed \u010di automatick\u00e9 p\u0159evodovce a d\u00e1le v\u00fdm\u011bnu oleje v diferenci\u00e1lu. Proces v\u00fdm\u011bny oleje v automatick\u00e9 p\u0159evodovce nen\u00ed tak jednoduch\u00fd, jak [&hellip;]","og_url":"https:\/\/vehix.cz\/en\/vymenakapalin\/","og_site_name":"Vehix","article_publisher":"https:\/\/www.facebook.com\/vehixauto\/","article_modified_time":"2026-03-09T14:24:09+00:00","og_image":[{"width":613,"height":113,"url":"https:\/\/vehix.cz\/wp-content\/uploads\/2020\/04\/kapaliny.png","type":"image\/png"}],"twitter_card":"summary_large_image","twitter_misc":{"Est. reading time":"1 minute"},"schema":{"@context":"https:\/\/schema.org","@graph":[{"@type":"WebPage","@id":"https:\/\/vehix.cz\/en\/vymenakapalin\/","url":"https:\/\/vehix.cz\/en\/vymenakapalin\/","name":"Kapaliny - Vehix","isPartOf":{"@id":"https:\/\/vehix.cz\/en\/#website"},"primaryImageOfPage":{"@id":"https:\/\/vehix.cz\/en\/vymenakapalin\/#primaryimage"},"image":{"@id":"https:\/\/vehix.cz\/vymenakapalin\/#primaryimage"},"thumbnailUrl":"http:\/\/www.vehix.cz\/wp-content\/uploads\/2020\/04\/kapaliny.png","datePublished":"2022-07-17T13:33:22+00:00","dateModified":"2026-03-09T14:24:09+00:00","breadcrumb":{"@id":"https:\/\/vehix.cz\/en\/vymenakapalin\/#breadcrumb"},"inLanguage":"en-US","potentialAction":[{"@type":"ReadAction","target":[["https:\/\/vehix.cz\/en\/vymenakapalin\/"]]}]},{"@type":"ImageObject","inLanguage":"en-US","@id":"https:\/\/vehix.cz\/en\/vymenakapalin\/#primaryimage","url":"http:\/\/www.vehix.cz\/wp-content\/uploads\/2020\/04\/kapaliny.png","contentUrl":"http:\/\/www.vehix.cz\/wp-content\/uploads\/2020\/04\/kapaliny.png"},{"@type":"BreadcrumbList","@id":"https:\/\/vehix.cz\/en\/vymenakapalin\/#breadcrumb","itemListElement":[{"@type":"ListItem","position":1,"name":"Dom\u016f","item":"https:\/\/vehix.cz\/en\/"},{"@type":"ListItem","position":2,"name":"Kapaliny"}]},{"@type":"WebSite","@id":"https:\/\/vehix.cz\/en\/#website","url":"https:\/\/vehix.cz\/en\/","name":"Vehix","description":"+420 739 299 662,  U Michelsk\u00e9ho lesa 1267, Praha 4","potentialAction":[{"@type":"SearchAction","target":{"@type":"EntryPoint","urlTemplate":"https:\/\/vehix.cz\/en\/?s={search_term_string}"},"query-input":{"@type":"PropertyValueSpecification","valueRequired":true,"valueName":"search_term_string"}}],"inLanguage":"en-US"}]}},"_links":{"self":[{"href":"https:\/\/vehix.cz\/en\/wp-json\/wp\/v2\/pages\/1023","targetHints":{"allow":["GET"]}}],"collection":[{"href":"https:\/\/vehix.cz\/en\/wp-json\/wp\/v2\/pages"}],"about":[{"href":"https:\/\/vehix.cz\/en\/wp-json\/wp\/v2\/types\/page"}],"author":[{"embeddable":true,"href":"https:\/\/vehix.cz\/en\/wp-json\/wp\/v2\/users\/1"}],"replies":[{"embeddable":true,"href":"https:\/\/vehix.cz\/en\/wp-json\/wp\/v2\/comments?post=1023"}],"version-history":[{"count":7,"href":"https:\/\/vehix.cz\/en\/wp-json\/wp\/v2\/pages\/1023\/revisions"}],"predecessor-version":[{"id":1093,"href":"https:\/\/vehix.cz\/en\/wp-json\/wp\/v2\/pages\/1023\/revisions\/1093"}],"wp:attachment":[{"href":"https:\/\/vehix.cz\/en\/wp-json\/wp\/v2\/media?parent=1023"}],"curies":[{"name":"wp","href":"https:\/\/api.w.org\/{rel}","templated":true}]}}